{"id":30848,"date":"2022-11-17T11:34:48","date_gmt":"2022-11-17T10:34:48","guid":{"rendered":"https:\/\/esplugaturisme.cat\/descobreix\/museus-i-espais-visitables\/ruta-templera-i-hospitalera-a-lespluga-de-francoli\/"},"modified":"2026-04-06T09:56:21","modified_gmt":"2026-04-06T07:56:21","slug":"ruta-templera-i-hospitalera-a-lespluga-de-francoli","status":"publish","type":"page","link":"https:\/\/esplugaturisme.cat\/es\/descobreix\/https-esplugaturisme-cat-es-descobreix-museus-i-espais-visitables\/ruta-templera-i-hospitalera-a-lespluga-de-francoli\/","title":{"rendered":"Ruta Templaria y Hospitalaria de l&#8217;Espluga de Francol\u00ed"},"content":{"rendered":"<p>Es poden fer durant tot l&#8217;any, qualsevol dia i hora de la setmana, amb reserva pr\u00e8via per un m\u00ednim de 6 persones, en cas de ser menys de 6 persones cal pagar l&#8217;import \u00edntegre. Podeu contactar amb l&#8217;Oficina de Turisme de l&#8217;Espluga de Francol\u00ed (Tel\u00e8fon: 977 871 220 o b\u00e9 per correu: turisme@esplugadefrancoli.cat) per tal de saber la\u00a0disponibilitat.<\/p>\n","protected":false},"excerpt":{"rendered":"<p>Es poden fer durant tot l&#8217;any, qualsevol dia i hora de la setmana, amb reserva pr\u00e8via per un m\u00ednim de 6 persones, en cas de ser menys de 6 persones cal pagar l&#8217;import \u00edntegre. Podeu contactar amb l&#8217;Oficina de Turisme de l&#8217;Espluga de Francol\u00ed (Tel\u00e8fon: 977 871 220 o b\u00e9 per correu: turisme@esplugadefrancoli.cat) per tal [&hellip;]<\/p>\n","protected":false},"author":1,"featured_media":0,"parent":30521,"menu_order":55,"comment_status":"closed","ping_status":"closed","template":"layouts\/espai-visitable.php","meta":{"footnotes":""},"class_list":["post-30848","page","type-page","status-publish","hentry"],"acf":[],"_links":{"self":[{"href":"https:\/\/esplugaturisme.cat\/es\/wp-json\/wp\/v2\/pages\/30848"}],"collection":[{"href":"https:\/\/esplugaturisme.cat\/es\/wp-json\/wp\/v2\/pages"}],"about":[{"href":"https:\/\/esplugaturisme.cat\/es\/wp-json\/wp\/v2\/types\/page"}],"author":[{"embeddable":true,"href":"https:\/\/esplugaturisme.cat\/es\/wp-json\/wp\/v2\/users\/1"}],"replies":[{"embeddable":true,"href":"https:\/\/esplugaturisme.cat\/es\/wp-json\/wp\/v2\/comments?post=30848"}],"version-history":[{"count":14,"href":"https:\/\/esplugaturisme.cat\/es\/wp-json\/wp\/v2\/pages\/30848\/revisions"}],"predecessor-version":[{"id":158305,"href":"https:\/\/esplugaturisme.cat\/es\/wp-json\/wp\/v2\/pages\/30848\/revisions\/158305"}],"up":[{"embeddable":true,"href":"https:\/\/esplugaturisme.cat\/es\/wp-json\/wp\/v2\/pages\/30521"}],"wp:attachment":[{"href":"https:\/\/esplugaturisme.cat\/es\/wp-json\/wp\/v2\/media?parent=30848"}],"curies":[{"name":"wp","href":"https:\/\/api.w.org\/{rel}","templated":true}]}}