{"id":31189,"date":"2023-02-23T18:00:30","date_gmt":"2023-02-23T17:00:30","guid":{"rendered":"https:\/\/esplugaturisme.cat\/descobreix\/un-passeig-per-espluga-de-francoli\/visita-dalbert-einstein-a-lespluga-de-francoli\/"},"modified":"2023-02-23T18:00:30","modified_gmt":"2023-02-23T17:00:30","slug":"visita-dalbert-einstein-a-lespluga-de-francoli","status":"publish","type":"page","link":"https:\/\/esplugaturisme.cat\/es\/descobreix\/un-passeig-per-espluga-de-francoli\/visita-dalbert-einstein-a-lespluga-de-francoli\/","title":{"rendered":"Visita d&#8217;Albert Einstein a l&#8217;Espluga de Francol\u00ed"},"content":{"rendered":"<div class=\"full-bleed imatge-destacada  pb-4-desktop pb-4-tablet pb-4-mobile\"> \n    \n                <figure>\n                <img loading=\"lazy\" decoding=\"async\" width=\"1920\" height=\"600\" src=\"https:\/\/esplugaturisme.cat\/wp-content\/uploads\/2023\/02\/F-03198-010-00015_EDIT-scaled-aspect-ratio-1920-600.jpg\" class=\"attachment-full size-full\" alt=\"\" srcset=\"https:\/\/esplugaturisme.cat\/wp-content\/uploads\/2023\/02\/F-03198-010-00015_EDIT-scaled-aspect-ratio-1920-600.jpg 1920w, https:\/\/esplugaturisme.cat\/wp-content\/uploads\/2023\/02\/F-03198-010-00015_EDIT-scaled-aspect-ratio-1920-600-900x281.jpg 900w\" sizes=\"(max-width: 1920px) 100vw, 1920px\" \/>            <\/figure>\n        \n    \n<\/div><div class=\"is-flex-tablet  mb-4-desktop mb-4-tablet mb-2-mobile  is-justify-content-center  seccio\">\n        <div class=\"columns   is-multiline is-variable is-6 max-width--70 is-flex-grow-1  \">\n            \n<div class=\"column  \" >\n      \n<div class=\"tinymce max-width--60  pb-4-desktop pb-4-tablet pb-2-mobile flow\">\n    <p>El viatge al Monestir de Poblet i \u00a0l\u2019Espluga de Francol\u00ed, del diumenge 25 de febrer de 1923, fou promogut per Josep Puig i Cadafalch, aleshores president de la Mancomunitat. Puig i Cadafalch volia mostrar a Albert Einstein el passat medieval de Catalunya, amb la visita al Monestir de Santa Maria de Poblet.<\/p>\n<p>Acompanyats i guiats en aquest viatge pels amfitrions cient\u00edfics m\u00e9s prestigiosos de l\u2019\u00e8poca, entre els quals es trobaven, Rafael Campalans i Puig, Bernat Lassaleta i Perr\u00edn, Casimiro Lana Sarrate, enginyers, f\u00edsics i matem\u00e0tics i coneixedors de la llengua alemanya. La fotografia la va fer Casimiro Lana Sarrate, qui va immortalitzar les imatges d&#8217;aquell viatge a la Conca de Barber\u00e0.<\/p>\n<\/div>\n<\/div>\n \n        <\/div>        \n    <\/div><div class=\"is-flex-tablet  mb-4-desktop mb-4-tablet mb-2-mobile  is-justify-content-center  seccio\">\n        <div class=\"columns   is-multiline is-variable is-6 max-width--70 is-flex-grow-1  \">\n            \n<div class=\"column  \" >\n      \n<div class=\"max-width--70 mt-4-desktop pb-4-desktop pb-4-tablet pb-2-mobile capcalera  \">\n        <h3>Einstein al carrer de la Font de l&#8217;Espluga de Francol\u00ed<\/h3>    <\/div>\n\n<div class=\"tinymce max-width--60  pb-4-desktop pb-4-tablet pb-2-mobile flow\">\n    <p>Abans de la visita al Monestir de Poblet, Einstein va fer una parada a l\u2019Espluga de Francol\u00ed, per dinar a la Fonda Ib\u00e8rica. Despr\u00e9s de l&#8217;\u00e0pat, el fot\u00f2graf va immortalitzar, en una de les fotografies singulars de la visita, al cient\u00edfic amb nens i nenes del municipi al mateix carrer, davant de la fonda, on apareix el cotxe utilitzat pel viatge, un Elizalde tipus 29.\u00a0<\/p>\n<\/div>\n\n<div class=\"imatge max-width--60  \">\n\n        <div class=\"image mb-2 has-text-centered \">\n            <figure class=\"image is-inline-block \">\n                                    <img loading=\"lazy\" decoding=\"async\" width=\"2560\" height=\"1600\" src=\"https:\/\/esplugaturisme.cat\/wp-content\/uploads\/2023\/02\/F-03198-010-00015_EDIT-scaled.jpg\" class=\"\" alt=\"\" srcset=\"https:\/\/esplugaturisme.cat\/wp-content\/uploads\/2023\/02\/F-03198-010-00015_EDIT-scaled.jpg 2560w, https:\/\/esplugaturisme.cat\/wp-content\/uploads\/2023\/02\/F-03198-010-00015_EDIT-900x563.jpg 900w\" sizes=\"(max-width: 2560px) 100vw, 2560px\" \/>                            <\/figure>\n        <\/div>\n    <\/div>\n\n<div class=\"tinymce max-width--60  pb-4-desktop pb-4-tablet pb-2-mobile flow\">\n    <div class=\"et_pb_module et_pb_text et_pb_text_4  et_pb_text_align_left et_pb_bg_layout_light\">\n<div class=\"et_pb_text_inner\">\n<p class=\"is-size-7\"><b>Albert Einstein al carrer de la Font de l\u2019Espluga de Francol\u00ed el diumenge 25 de febrer de 1923.<\/b><\/p>\n<p class=\"is-size-7\">Acompanyat\u00a0d&#8217;un grup de nens i nenes. Donant la m\u00e0 a Einstein, Manel Puig\u00a0Joaqu\u00edn\u00a0i la nena Assumpci\u00f3 Sans Mir; Maria Mart\u00ed Sans i Llu\u00efsa Sans Mir (cal Caragol); el noi amb la gorra, Josep Puig\u00a0Joaqu\u00edn\u00a0i la persona m\u00e9s gran asseguda a la vorera, el seu pare Emili Puig Fern\u00e1ndez (cal Fuster Groc); la noia dreta tocant a la porta adovellada Tura Castells Besora i el nen assegut a la vorera Joan Castells Besora.\u00a0<\/p>\n<\/div>\n<\/div>\n<div class=\"et_pb_module et_pb_text et_pb_text_5  et_pb_text_align_left et_pb_bg_layout_light\">\n<div class=\"et_pb_text_inner\">\n<p class=\"is-size-7\" style=\"text-align: right\"><strong>Fons:<\/strong> <i>Casimiro Lana Sarrate \/ Archivo General de la Administraci\u00f3n [IDD (03)88, F\/03198, S10, F15]<br \/><\/i><\/p>\n<\/div>\n<\/div>\n<\/div>\n\n<div class=\"max-width--70 mt-4-desktop pb-4-desktop pb-4-tablet pb-2-mobile capcalera  \">\n        <h3>El monestir de Poblet, objectiu del viatge d&#8217;Eisntein a la Conca de Barber\u00e0<\/h3>    <\/div>\n\n<div class=\"tinymce max-width--60  pb-4-desktop pb-4-tablet pb-2-mobile flow\">\n    <p>A la tarda,\u00a0 la comitiva, acompanyada del f\u00edsic continu\u00e0 cap a Poblet, on tamb\u00e9 es van fer una fotografia al sobre claustre del monestir. En el llibre d&#8217;honor del monestir es conserva la signatura amb el seu nom i l\u2019any de la visita. Des d\u2019aleshores es reserv\u00e0 la p\u00e0gina a l\u2019il\u00b7lustre convidat, Premi Nobel, i ning\u00fa m\u00e9s no va estampar la seva r\u00fabrica al costat, deixant la p\u00e0gina en blanc. Finalment va marxar cap a Barcelona.<\/p>\n<\/div>\n\n<div class=\"imatge max-width--60  \">\n\n        <div class=\"image mb-2 \">\n            <figure class=\"image is-inline-block \">\n                                    <img loading=\"lazy\" decoding=\"async\" width=\"2560\" height=\"1630\" src=\"https:\/\/esplugaturisme.cat\/wp-content\/uploads\/2023\/02\/F-03198-010-00016_EDIT-scaled.jpg\" class=\"\" alt=\"\" srcset=\"https:\/\/esplugaturisme.cat\/wp-content\/uploads\/2023\/02\/F-03198-010-00016_EDIT-scaled.jpg 2560w, https:\/\/esplugaturisme.cat\/wp-content\/uploads\/2023\/02\/F-03198-010-00016_EDIT-900x573.jpg 900w\" sizes=\"(max-width: 2560px) 100vw, 2560px\" \/>                            <\/figure>\n        <\/div>\n    <\/div>\n\n<div class=\"tinymce max-width--60  pb-4-desktop pb-4-tablet pb-2-mobile flow\">\n    <div class=\"et_pb_module et_pb_text et_pb_text_4  et_pb_text_align_left et_pb_bg_layout_light\">\n<div class=\"et_pb_text_inner\">\n<p class=\"is-size-7\" style=\"text-align: left\"><b>Albert Einstein al monestir de Santa Maria de Poblet, el diumenge 25 de febrer de 1923.<\/b><\/p>\n<p class=\"is-size-7\">Acompanyat\u00a0de Rafael Campalans i Puig (assegut),\u00a0Marie\u00a0Lack, Albert Einstein,\u00a0Th\u00e9odore\u00a0Lack, Bernat\u00a0Lassaleta\u00a0i\u00a0Perr\u00edn\u00a0(conductor) i el fot\u00f2graf Casimiro\u00a0Lana\u00a0Sarrate<\/p>\n<\/div>\n<\/div>\n<div class=\"et_pb_module et_pb_text et_pb_text_5  et_pb_text_align_left et_pb_bg_layout_light\">\n<div class=\"et_pb_text_inner\">\n<p class=\"is-size-7\" style=\"text-align: right\"><strong>Fons:\u00a0<\/strong> <i>Casimiro Lana Sarrate \/ Archivo General de la Administraci\u00f3n [IDD (03)88, F\/03198, S10, F16]<br \/><\/i><\/p>\n<\/div>\n<\/div>\n<\/div>\n<\/div>\n \n        <\/div>        \n    <\/div><div class=\"is-flex-tablet  mb-4-desktop mb-4-tablet mb-2-mobile  is-justify-content-center  seccio\">\n        <div class=\"columns   is-multiline is-variable is-6 max-width--70 is-flex-grow-1  \">\n            \n<div class=\"column  \" >\n      \n<div class=\"max-width--70 mt-4-desktop pb-4-desktop pb-4-tablet pb-2-mobile capcalera  \">\n        <h3>L&#8217;Espluga de Francol\u00ed, \u00abCiutat Einstein\u00bb<\/h3>    <\/div>\n\n<div class=\"is-flex-tablet  mb-4-desktop mb-4-tablet mb-2-mobile   seccio\">\n        <div class=\"columns   is-multiline is-variable is-6 max-width--70 is-flex-grow-1  \">\n            \n<div class=\"column  \" >\n      \n<div class=\"tinymce max-width--60  pb-4-desktop pb-4-tablet pb-2-mobile flow\">\n    <p>El primer municipi de Catalunya que va rebre la distinci\u00f3 com a \u201cCiutat Einstein\u201d, va ser l\u2019Espluga de Francol\u00ed. Durant els actes commemoratius dels cent anys de la visita del f\u00edsic a l&#8217;Espluga de Francol\u00ed i al Monestir de Poblet que es van celebrar el 25 de febrer de 2023, el director general de la Fundaci\u00f3 Catalana per a la Recerca i la Innovaci\u00f3, Jordi Mas, va lliurar a l&#8217;alcalde de l&#8217;Espluga, Josep M. Vidal, la distinci\u00f3.<\/p>\n<p>El f\u00edsic alemany Albert Einstein va estar-hi 8 dies a Catalunya, visitant 5 localitats: Barcelona, Poblet, l\u2019Espluga de Francol\u00ed, Terrassa i Sant Cugat del Vall\u00e8s.<\/p>\n<\/div>\n\n<div class=\"  pt-2 pb-2 mb-2-mobile botons\">   \n   <a href=\"https:\/\/einstein.fundaciorecerca.cat\/\" class=\"button   white\">EINSTEIN A CATALUNYA<\/a><\/div>\n<\/div>\n\n<div class=\"column  \" >\n      \n\n\n<div class=\"tinymce max-width--60  pb-4-desktop pb-4-tablet pb-2-mobile flow\">\n    <div class=\"et_pb_module et_pb_text et_pb_text_4  et_pb_text_align_left et_pb_bg_layout_light\">\n<div class=\"et_pb_text_inner\">\n<p class=\"is-size-7\" style=\"text-align: left\"><b>Jordi Mas, director general de la Fundaci\u00f3 Catalana per a la Recerca i la Innovaci\u00f3, entregant la placa commemorativa\u00a0a l&#8217;alcalde de l&#8217;Espluga, Josep M. Vidal.\u00a0<\/b><\/p>\n<\/div>\n<\/div>\n<\/div>\n<\/div>\n \n        <\/div>        \n    <\/div>\n<\/div>\n \n        <\/div>        \n    <\/div><div class=\"is-flex-tablet  mb-4-desktop mb-4-tablet mb-2-mobile  is-justify-content-center  seccio\">\n        <div class=\"columns   is-multiline is-variable is-6 max-width--70 is-flex-grow-1  \">\n            \n<div class=\"column  \" >\n      \n<div class=\"imatge max-width--60  \">\n\n        <div class=\"image mb-2 \">\n            <figure class=\"image is-inline-block \">\n                                    <img loading=\"lazy\" decoding=\"async\" width=\"5029\" height=\"875\" src=\"https:\/\/esplugaturisme.cat\/wp-content\/uploads\/2023\/02\/Logos-aspect-ratio-5029-875.png\" class=\"\" alt=\"\" srcset=\"https:\/\/esplugaturisme.cat\/wp-content\/uploads\/2023\/02\/Logos-aspect-ratio-5029-875.png 5029w, https:\/\/esplugaturisme.cat\/wp-content\/uploads\/2023\/02\/Logos-aspect-ratio-5029-875-900x157.png 900w\" sizes=\"(max-width: 5029px) 100vw, 5029px\" \/>                            <\/figure>\n        <\/div>\n    <\/div>\n<\/div>\n \n        <\/div>        \n    <\/div>","protected":false},"excerpt":{"rendered":"","protected":false},"author":5,"featured_media":0,"parent":31140,"menu_order":6,"comment_status":"closed","ping_status":"closed","template":"","meta":{"footnotes":""},"class_list":["post-31189","page","type-page","status-publish","hentry"],"acf":[],"_links":{"self":[{"href":"https:\/\/esplugaturisme.cat\/es\/wp-json\/wp\/v2\/pages\/31189"}],"collection":[{"href":"https:\/\/esplugaturisme.cat\/es\/wp-json\/wp\/v2\/pages"}],"about":[{"href":"https:\/\/esplugaturisme.cat\/es\/wp-json\/wp\/v2\/types\/page"}],"author":[{"embeddable":true,"href":"https:\/\/esplugaturisme.cat\/es\/wp-json\/wp\/v2\/users\/5"}],"replies":[{"embeddable":true,"href":"https:\/\/esplugaturisme.cat\/es\/wp-json\/wp\/v2\/comments?post=31189"}],"version-history":[{"count":0,"href":"https:\/\/esplugaturisme.cat\/es\/wp-json\/wp\/v2\/pages\/31189\/revisions"}],"up":[{"embeddable":true,"href":"https:\/\/esplugaturisme.cat\/es\/wp-json\/wp\/v2\/pages\/31140"}],"wp:attachment":[{"href":"https:\/\/esplugaturisme.cat\/es\/wp-json\/wp\/v2\/media?parent=31189"}],"curies":[{"name":"wp","href":"https:\/\/api.w.org\/{rel}","templated":true}]}}