{"id":5485,"date":"2023-03-27T11:29:33","date_gmt":"2023-03-27T09:29:33","guid":{"rendered":"https:\/\/esplugaturisme.cat\/?page_id=5485"},"modified":"2024-06-06T11:25:09","modified_gmt":"2024-06-06T09:25:09","slug":"la-costa-daurada","status":"publish","type":"page","link":"https:\/\/esplugaturisme.cat\/es\/la-costa-daurada\/","title":{"rendered":"La Costa Daurada"},"content":{"rendered":"<div class=\"full-bleed imatge-destacada  pb-4-desktop pb-4-tablet pb-4-mobile\"> \n    \n                <figure>\n                <img loading=\"lazy\" decoding=\"async\" width=\"1920\" height=\"600\" src=\"https:\/\/esplugaturisme.cat\/wp-content\/uploads\/2023\/03\/\u00a9Joan-Capdevila_Passeig-Cambrils-scaled-aspect-ratio-1920-600.jpg\" class=\"attachment-full size-full\" alt=\"\" srcset=\"https:\/\/esplugaturisme.cat\/wp-content\/uploads\/2023\/03\/\u00a9Joan-Capdevila_Passeig-Cambrils-scaled-aspect-ratio-1920-600.jpg 1920w, https:\/\/esplugaturisme.cat\/wp-content\/uploads\/2023\/03\/\u00a9Joan-Capdevila_Passeig-Cambrils-scaled-aspect-ratio-1920-600-900x281.jpg 900w\" sizes=\"(max-width: 1920px) 100vw, 1920px\" \/>            <\/figure>\n        \n    \n<\/div><div class=\"tinymce max-width--60  pb-4-desktop pb-4-tablet pb-2-mobile flow\">\n    <p style=\"text-align: right\"><em>Una fam\u00edlia en bicicleta passejant pel passeig de Cambrils (Imatges: Joan Capdevila)<\/em><\/p>\n<\/div><div class=\"is-flex-tablet  mb-4-desktop mb-4-tablet mb-2-mobile  is-justify-content-center  seccio\">\n        <div class=\"columns   is-multiline is-variable is-6 max-width--70 is-flex-grow-1  \">\n            \n<div class=\"column  \" >\n      \n<div class=\"tinymce max-width--60  pb-4-desktop pb-4-tablet pb-2-mobile flow\">\n    <p class=\"p1\">Des de sempre, la Costa Daurada ha estat terra de benvinguda i d\u2019acollida. L\u2019excel\u00b7lent climatologia i la seva ubicaci\u00f3 privilegiada, amb m\u00e9s de vuitanta quil\u00f2metres de fa\u00e7ana mar\u00edtima, per\u00f2 tamb\u00e9 amb muntanyes riques en recursos naturals i patrimonials, fan que aquest territori, format per sis comarques situades al sud de Catalunya, esdevingui una de les destinacions tur\u00edstiques de refer\u00e8ncia a la Mediterr\u00e0nia.<\/p>\n<p class=\"p1\">El patrimoni bastit al llarg dels segles tamb\u00e9 t\u00e9 unes caracter\u00edstiques especials. Des de la T\u00e0rraco romana, seu de la resid\u00e8ncia de l\u2019emperador C\u00e8sar August i capital de la Hisp\u00e0nia Citerior durant l\u2019imperi rom\u00e0, passant pels monestirs cistercencs i cartoixans, construits durant l\u2019edat mitjana. Tot aix\u00f2 sense oblidar la riquesa natural i paisatg\u00edstica d\u2019indrets com ara la serra del Montsant i les Muntanyes de Prades, a m\u00e9s a m\u00e9s de territoris amb una bellesa natural espectacular com s\u00f3n el Priorat o la Conca de Barber\u00e0.<\/p>\n<p class=\"p1\">L\u2019excel\u00b7lent climatologia, amb estius c\u00e0lids i hiverns molt suaus i amb escasses pluges, fan que la Costa Daurada tamb\u00e9 sigui, al llarg dels dotze mesos de l\u2019any, l\u2019indret ideal per a practicar i programar activitats esportives.<\/p>\n<p class=\"p1\">La Costa Daurada tamb\u00e9 compta amb una rica oferta gastron\u00f2mica, amb ingredients t\u00edpics de la dieta mediterr\u00e0nia: com l\u2019oli, els cereals, les fruites i verdures, a m\u00e9s a m\u00e9s de peixos i carns de gran qualitat. Sense oblidar els vins i caves, elaborats en territoris singulars agrupats per les distintes denominacions d\u2019origen.<\/p>\n<\/div>\n<\/div>\n \n        <\/div>        \n    <\/div><div class=\"column is-12 bbso-1-black targeta-horitzontal max-width--70\">\n        <div class=\"columns  \">\n            <div\n                class=\"is-flex-desktop is-flex-tablet pb-2 is-justify-content-space-between flow flow--1  equal-height \">\n                <div class=\"column is-2-desktop is-3-tablet\">\n\n                                                            <figure class=\"image is-135x135 pt-1 is-inline-block\">\n                        <img loading=\"lazy\" decoding=\"async\" width=\"150\" height=\"150\" src=\"https:\/\/esplugaturisme.cat\/wp-content\/uploads\/2023\/03\/Patrimoni_barraca-pedra-seca-scaled-aspect-ratio-250-250-150x150.jpg\" class=\"is-inline-block rounded\" alt=\"\" srcset=\"https:\/\/esplugaturisme.cat\/wp-content\/uploads\/2023\/03\/Patrimoni_barraca-pedra-seca-scaled-aspect-ratio-250-250-150x150.jpg 150w, https:\/\/esplugaturisme.cat\/wp-content\/uploads\/2023\/03\/Patrimoni_barraca-pedra-seca-scaled-aspect-ratio-250-250-900x900.jpg 900w, https:\/\/esplugaturisme.cat\/wp-content\/uploads\/2023\/03\/Patrimoni_barraca-pedra-seca-scaled-aspect-ratio-250-250-100x100.jpg 100w, https:\/\/esplugaturisme.cat\/wp-content\/uploads\/2023\/03\/Patrimoni_barraca-pedra-seca-scaled-aspect-ratio-250-250.jpg 1969w\" sizes=\"(max-width: 150px) 100vw, 150px\" \/>                    <\/figure>\n                                        \n                <\/div>\n                                <div class=\"column mt-0 is-2 mt-4-desktop mt-4-tablet mr-3\">\n                    <h4>La cultura, la hist\u00f2ria, la natura i la gastronomia s\u00f3n els v\u00e8rtex d\u2019una terra rica i plena de vida.<\/h4>                <\/div>\n                                                <div class=\"column  flow mt-0 mt-4-desktop mt-4-tablet is-size-6\">\n                    <p>La Costa Daurada est\u00e0 situada a 1?h de\u00a0<a title=\"\" href=\"https:\/\/www.visitsalou.eu\/ca\/descobreix-salou\/un-entorn-envejable\/barcelona\" target=\"_self\">Barcelona<\/a>\u00a0amb cotxe i a 100?km de l&#8217;<a title=\"\" href=\"https:\/\/www.aena.es\/ca\/josep-tarradellas-barcelona-el-prat.html\" target=\"_self\">Aeroport Josep Tarradellas Barcelona-El Prat<\/a>.\u00a0Aquesta zona tamb\u00e9 compta amb aeroport propi, situat a\u00a0<a title=\"\" href=\"https:\/\/www.visitsalou.eu\/ca\/descobreix-salou\/un-entorn-envejable\/reus\" target=\"_self\">Reus<\/a>. Amb 81 quil\u00f2metres de litoral, la Costa Daurada \u00e9s una\u00a0destinaci\u00f3 ideal\u00a0per a passar les vacances o fer escapades durant tot l&#8217;any.<\/p>\n                <\/div>\n                                            <\/div>\n        <\/div>\n    <\/div><div class=\"is-flex-tablet  mb-4-desktop mb-4-tablet mb-2-mobile  is-justify-content-center  seccio\">\n        <div class=\"columns   is-multiline is-variable is-6 max-width--70 is-flex-grow-1  \">\n            \n<div class=\"column  \" >\n      \n<div class=\"imatge max-width--60  \">\n\n        <div class=\"image mb-2 has-text-centered \">\n            <figure class=\"image is-inline-block \">\n                                    <img loading=\"lazy\" decoding=\"async\" width=\"2560\" height=\"1125\" src=\"https:\/\/esplugaturisme.cat\/wp-content\/uploads\/2023\/03\/Cartoixa-Scaladei-scaled-aspect-ratio-2560-1125-scaled.jpg\" class=\"\" alt=\"\" srcset=\"https:\/\/esplugaturisme.cat\/wp-content\/uploads\/2023\/03\/Cartoixa-Scaladei-scaled-aspect-ratio-2560-1125-scaled.jpg 2560w, https:\/\/esplugaturisme.cat\/wp-content\/uploads\/2023\/03\/Cartoixa-Scaladei-scaled-aspect-ratio-2560-1125-900x395.jpg 900w\" sizes=\"(max-width: 2560px) 100vw, 2560px\" \/>                            <\/figure>\n        <\/div>\n    <\/div>\n\n<div class=\"max-width--70 mt-4-desktop pb-4-desktop pb-4-tablet pb-2-mobile capcalera  \">\n        <h3><p>La Costa Daurada en fam\u00edlia<\/p><\/h3>    <\/div>\n\n<div class=\"tinymce max-width--60  pb-4-desktop pb-4-tablet pb-2-mobile flow\">\n    <p class=\"p1\">La Costa Daurada \u00e9s una gran destinaci\u00f3 familiar. Tant les poblacions de la costa com els municipis d\u2019interior ofereixen al visitant una rica oferta d\u2019activitats per a gaudir de les vacances o escapades amb la fam\u00edlia. La riquesa del territori permet assaborir el patrimoni, practicar l\u2019esport al mar o b\u00e9 a l\u2019interior, a m\u00e9s a m\u00e9s de realitzar nombroses rutes pensades per al gaudi d\u2019un p\u00fablic divers.<\/p>\n<p class=\"p1\">Els municipis que conformen la Costa Daurada s\u00f3n rics en cultura popular i tradicional. Per aix\u00f2, podreu con\u00e8ixer tradicions centen\u00e0ries com els castells, manifestacions religioses tradicionals com els balls parlats o apassionar-vos amb celebracions ben arrelades al territori com ara les festes majors, amb els diables o els gegants, protagonistes de les cercaviles. De fet, algunes de les festes que podeu viure a la Costa Daurada han estat distingides amb el t\u00edtol de \u201cFesta d\u2019inter\u00e8s tur\u00edstic nacional\u201d. Aquest \u00e9s el cas de la Setmana Medieval de Montblanc, o les festes de Santa Tecla de Tarragona,<\/p>\n<p><strong>\u00a0<\/strong>Si voleu ampliar la informaci\u00f3, podeu fer-ho visitant la web: <strong><a href=\"http:\/\/www.costadaurada.info\">www.costadaurada.info<\/a><\/strong><\/p>\n<\/div>\n\n<div class=\"imatge max-width--60  \">\n\n        <div class=\"image mb-2 has-text-centered \">\n            <figure class=\"image is-inline-block \">\n                                    <img loading=\"lazy\" decoding=\"async\" width=\"2560\" height=\"1508\" src=\"https:\/\/esplugaturisme.cat\/wp-content\/uploads\/2023\/03\/\u00a9Costa-Daurada_Ziklo_-Emita-Mare-de-Deu-de-la-Roca-scaled.jpg\" class=\"\" alt=\"\" srcset=\"https:\/\/esplugaturisme.cat\/wp-content\/uploads\/2023\/03\/\u00a9Costa-Daurada_Ziklo_-Emita-Mare-de-Deu-de-la-Roca-scaled.jpg 2560w, https:\/\/esplugaturisme.cat\/wp-content\/uploads\/2023\/03\/\u00a9Costa-Daurada_Ziklo_-Emita-Mare-de-Deu-de-la-Roca-900x530.jpg 900w\" sizes=\"(max-width: 2560px) 100vw, 2560px\" \/>                            <\/figure>\n        <\/div>\n    <\/div>\n\n<div class=\"imatge max-width--60  \">\n\n        <div class=\"image mb-2 has-text-centered \">\n            <figure class=\"image is-inline-block \">\n                                    <a href=\"https:\/\/costadaurada.info\/\" title=\"\"><img loading=\"lazy\" decoding=\"async\" width=\"186\" height=\"66\" src=\"https:\/\/esplugaturisme.cat\/wp-content\/uploads\/2023\/03\/costa-daurada-1.png\" class=\"\" alt=\"\" \/><\/a>\n                            <\/figure>\n        <\/div>\n    <\/div>\n<\/div>\n \n        <\/div>        \n    <\/div>","protected":false},"excerpt":{"rendered":"","protected":false},"author":5,"featured_media":0,"parent":0,"menu_order":4,"comment_status":"closed","ping_status":"closed","template":"","meta":{"footnotes":""},"class_list":["post-5485","page","type-page","status-publish","hentry"],"acf":[],"_links":{"self":[{"href":"https:\/\/esplugaturisme.cat\/es\/wp-json\/wp\/v2\/pages\/5485"}],"collection":[{"href":"https:\/\/esplugaturisme.cat\/es\/wp-json\/wp\/v2\/pages"}],"about":[{"href":"https:\/\/esplugaturisme.cat\/es\/wp-json\/wp\/v2\/types\/page"}],"author":[{"embeddable":true,"href":"https:\/\/esplugaturisme.cat\/es\/wp-json\/wp\/v2\/users\/5"}],"replies":[{"embeddable":true,"href":"https:\/\/esplugaturisme.cat\/es\/wp-json\/wp\/v2\/comments?post=5485"}],"version-history":[{"count":0,"href":"https:\/\/esplugaturisme.cat\/es\/wp-json\/wp\/v2\/pages\/5485\/revisions"}],"wp:attachment":[{"href":"https:\/\/esplugaturisme.cat\/es\/wp-json\/wp\/v2\/media?parent=5485"}],"curies":[{"name":"wp","href":"https:\/\/api.w.org\/{rel}","templated":true}]}}