{"id":22147,"date":"2022-11-28T12:34:21","date_gmt":"2022-11-28T11:34:21","guid":{"rendered":"https:\/\/esplugaturisme.cat\/reserves\/coves-de-lespluga-visita-guiada\/"},"modified":"2026-04-06T10:10:58","modified_gmt":"2026-04-06T08:10:58","slug":"cuevas-de-lespluga-visita-guiada","status":"publish","type":"product","link":"https:\/\/esplugaturisme.cat\/es\/reserves\/cuevas-de-lespluga-visita-guiada\/","title":{"rendered":"Cuevas de l\u2019Espluga &#8211; visita guiada"},"content":{"rendered":"<div class=\"tinymce max-width--60  pb-4-desktop pb-4-tablet pb-2-mobile \">\n    <p>Ven a disfrutar de un sorprendente d\u00eda en familia en el interior de las cuevas de la Espluga. Recorrido de unos 400 metros por la cavidad subterr\u00e1nea para conocer la formaci\u00f3n geol\u00f3gica y la evoluci\u00f3n humana.<\/p>\n<ul>\n<li><strong>El precio incluye: <\/strong>Visita guiada al museo de las Cuevas de la Espluga. Duraci\u00f3n aproximada de 1.15h.<\/li>\n<li><strong>Idioma: <\/strong>Las visitas son siempre guiadas y en catal\u00e1n.\u00a0 \u00a0 \u00a0 \u00a0 \u00a0 \u00a0 \u00a0<\/li>\n<li><strong>Visitas en castellano:<\/strong> Fines de semana, festivos y puentes: 12.45h.\u00a0 \u00a0<\/li>\n<li><strong>Servicio de audiogu\u00eda gratis<\/strong> en castellano, ingl\u00e9s, franc\u00e9s, neerland\u00e9s y ruso en cualquiera de las visitas.<\/li>\n<\/ul>\n<ul>\n<li><strong>Punto de encuentro<\/strong> Recepci\u00f3n de las Cuevas (Avda. Catalunya, S\/N) de la Espluga de Francol\u00ed. Tel\u00e9fono: 977 87 12 20.<br \/><strong>Importante: una vez hecha la reserva, revisa el correo no deseado. La reserva debe canjearse en la recepci\u00f3n de las Cuevas.<\/strong><\/li>\n<\/ul>\n<\/div><div class=\"columns  is-multiline is-variable is- mb-4-desktop mb-2-tablet mb-2-mobile   seccio\">\n         \n    <\/div><div class=\"  pt-2 pb-2 mb-2-mobile botons\">   \n   <a href=\"https:\/\/covesdelespluga.info\/es\/preguntes-frequents\/\" class=\"button   secondary\">\u00bfTienes dudas? Consulta la secci\u00f3n de preguntas frecuentes.<\/a><\/div><div class=\"  pt-2 pb-2 mb-2-mobile botons\">   \n   <\/div><div class=\"columns  is-multiline is-variable is- mb-4-desktop mb-2-tablet mb-2-mobile   seccio\">\n         \n    <\/div>","protected":false},"excerpt":{"rendered":"","protected":false},"featured_media":21778,"template":"","meta":[],"product_cat":[317],"product_tag":[],"class_list":{"0":"post-22147","1":"product","2":"type-product","3":"status-publish","4":"has-post-thumbnail","6":"product_cat-sense-categoria-es","8":"first","9":"instock","10":"virtual","11":"sold-individually","12":"purchasable","13":"product-type-booking"},"acf":[],"_links":{"self":[{"href":"https:\/\/esplugaturisme.cat\/es\/wp-json\/wp\/v2\/product\/22147"}],"collection":[{"href":"https:\/\/esplugaturisme.cat\/es\/wp-json\/wp\/v2\/product"}],"about":[{"href":"https:\/\/esplugaturisme.cat\/es\/wp-json\/wp\/v2\/types\/product"}],"wp:featuredmedia":[{"embeddable":true,"href":"https:\/\/esplugaturisme.cat\/es\/wp-json\/wp\/v2\/media\/21778"}],"wp:attachment":[{"href":"https:\/\/esplugaturisme.cat\/es\/wp-json\/wp\/v2\/media?parent=22147"}],"wp:term":[{"taxonomy":"product_cat","embeddable":true,"href":"https:\/\/esplugaturisme.cat\/es\/wp-json\/wp\/v2\/product_cat?post=22147"},{"taxonomy":"product_tag","embeddable":true,"href":"https:\/\/esplugaturisme.cat\/es\/wp-json\/wp\/v2\/product_tag?post=22147"}],"curies":[{"name":"wp","href":"https:\/\/api.w.org\/{rel}","templated":true}]}}