{"id":22352,"date":"2022-11-28T13:41:17","date_gmt":"2022-11-28T12:41:17","guid":{"rendered":"https:\/\/esplugaturisme.cat\/reserves\/ruta-templera-i-hospitalera-amb-ulleres-virtuals-a-lespluga-de-francoli\/"},"modified":"2026-04-06T09:59:08","modified_gmt":"2026-04-06T07:59:08","slug":"ruta-templaria-y-hospitalaria-con-gafas-virtuales-en-lespluga-de-francoli","status":"publish","type":"product","link":"https:\/\/esplugaturisme.cat\/es\/reserves\/ruta-templaria-y-hospitalaria-con-gafas-virtuales-en-lespluga-de-francoli\/","title":{"rendered":"Ruta Templaria y Hospitalaria con gafas virtuales en l&#8217;Espluga de Francol\u00ed"},"content":{"rendered":"<div class=\"tinymce max-width--60  pb-4-desktop pb-4-tablet pb-2-mobile \">\n    <p>Descubre l\u2019Espluga a trav\u00e9s de un recorrido por el casco antiguo, donde distintos audiovisuales te sumergir\u00e1n en la vida cotidiana de los se\u00f1ores, campesinos, jud\u00edos o artesanos.<\/p>\n<ul>\n<li><strong>El precio incluye<\/strong><br \/>La visita guiada y el alquiler de las gafas de realidad virtual (excepto gratuidades).<br \/>Duraci\u00f3n aproximada: 1.30\u202fh.<\/li>\n<li><strong>Idioma<\/strong><br \/>Catal\u00e1n.\u00a0Castellano con reserva previa.<\/li>\n<li><strong>Punto de encuentro<\/strong><br \/>Antiguo Hospital (Plaza de la Iglesia), Espluga de Francol\u00ed.<br \/>Tel\u00e9fono: 977 87 12 20.<br \/><strong>Importante: una vez hecha la reserva, si no recibes la notificaci\u00f3n, revisa la carpeta de correo no deseado.<\/strong><\/li>\n<\/ul>\n<\/div>","protected":false},"excerpt":{"rendered":"","protected":false},"featured_media":22353,"template":"","meta":[],"product_cat":[317],"product_tag":[],"class_list":{"0":"post-22352","1":"product","2":"type-product","3":"status-publish","4":"has-post-thumbnail","6":"product_cat-sense-categoria-es","8":"first","9":"instock","10":"virtual","11":"sold-individually","12":"purchasable","13":"product-type-booking"},"acf":[],"_links":{"self":[{"href":"https:\/\/esplugaturisme.cat\/es\/wp-json\/wp\/v2\/product\/22352"}],"collection":[{"href":"https:\/\/esplugaturisme.cat\/es\/wp-json\/wp\/v2\/product"}],"about":[{"href":"https:\/\/esplugaturisme.cat\/es\/wp-json\/wp\/v2\/types\/product"}],"wp:featuredmedia":[{"embeddable":true,"href":"https:\/\/esplugaturisme.cat\/es\/wp-json\/wp\/v2\/media\/22353"}],"wp:attachment":[{"href":"https:\/\/esplugaturisme.cat\/es\/wp-json\/wp\/v2\/media?parent=22352"}],"wp:term":[{"taxonomy":"product_cat","embeddable":true,"href":"https:\/\/esplugaturisme.cat\/es\/wp-json\/wp\/v2\/product_cat?post=22352"},{"taxonomy":"product_tag","embeddable":true,"href":"https:\/\/esplugaturisme.cat\/es\/wp-json\/wp\/v2\/product_tag?post=22352"}],"curies":[{"name":"wp","href":"https:\/\/api.w.org\/{rel}","templated":true}]}}