{"id":22554,"date":"2022-10-26T09:41:37","date_gmt":"2022-10-26T07:41:37","guid":{"rendered":"https:\/\/esplugaturisme.cat\/reserves\/tallers-familiars\/"},"modified":"2026-03-11T12:38:47","modified_gmt":"2026-03-11T11:38:47","slug":"tallers-familiars","status":"publish","type":"product","link":"https:\/\/esplugaturisme.cat\/es\/reserves\/tallers-familiars\/","title":{"rendered":"Talleres familiares"},"content":{"rendered":"<h3 data-start=\"51\" data-end=\"103\"><strong data-start=\"55\" data-end=\"103\">Talleres familiares en L\u2019Espluga de Francol\u00ed<\/strong><\/h3>\n<p data-start=\"105\" data-end=\"450\"><strong data-start=\"105\" data-end=\"135\">Reserva previa obligatoria<\/strong><br data-start=\"135\" data-end=\"138\" \/>Antes de comprar los cupones para los talleres, es imprescindible contactar con la Oficina de Turismo de L\u2019Espluga de Francol\u00ed para reservar plaza.<br data-start=\"285\" data-end=\"288\" \/>\ud83d\udcde <strong data-start=\"291\" data-end=\"304\">Tel\u00e9fono:<\/strong> 977 871 220<br data-start=\"316\" data-end=\"319\" \/>\ud83d\udce7 <strong data-start=\"322\" data-end=\"345\">Correo electr\u00f3nico:<\/strong> <a class=\"cursor-pointer\" rel=\"noopener\" data-start=\"346\" data-end=\"375\">turisme@esplugadefrancoli.cat<\/a><br data-start=\"375\" data-end=\"378\" \/>Una vez confirmada la inscripci\u00f3n, ya podr\u00e9is realizar la compra online.<\/p>\n<hr data-start=\"452\" data-end=\"455\" \/>\n<h3 data-start=\"457\" data-end=\"485\"><strong data-start=\"461\" data-end=\"485\">Talleres<\/strong><\/h3>\n<p data-start=\"487\" data-end=\"813\"><strong data-start=\"487\" data-end=\"567\">Taller de Prehistoria en las Cuevas de L\u2019Espluga \u2013 Descubre el arte rupestre<\/strong><br data-start=\"567\" data-end=\"570\" \/>Una inmersi\u00f3n en la vida prehist\u00f3rica a trav\u00e9s de actividades como montar una caba\u00f1a, ver c\u00f3mo se enciende una l\u00e1mpara de piedra y realizar una pintura o grabado rupestre. Cada participante se llevar\u00e1 una losa con su propia creaci\u00f3n art\u00edstica.<\/p>\n<p data-start=\"487\" data-end=\"813\">Edad m\u00ednima 4 a\u00f1os.<\/p>\n<p data-start=\"815\" data-end=\"1102\"><strong data-start=\"815\" data-end=\"888\">Taller de Excavaci\u00f3n en las Cuevas de L\u2019Espluga \u2013 Aprende arqueolog\u00eda<\/strong><br data-start=\"888\" data-end=\"891\" \/>Los participantes descubrir\u00e1n el mundo de la arqueolog\u00eda mediante una excavaci\u00f3n simulada dentro de la caba\u00f1a grande de las Cuevas. Encontrar\u00e1n restos, los clasificar\u00e1n y los datar\u00e1n como verdaderos arque\u00f3logos.<\/p>\n<p data-start=\"815\" data-end=\"1102\">Edad m\u00ednima recomendada 10 a\u00f1os.<br \/>\nHay que tener en cuenta que es una actividad en la que se excava en el suelo y se genera polvo.<\/p>\n<p data-start=\"1104\" data-end=\"1412\"><strong data-start=\"1104\" data-end=\"1171\">Taller Fassineja en la Fassina Balany\u00e0 \u2013 Crea tu propia colonia<\/strong><br data-start=\"1171\" data-end=\"1174\" \/>Un taller creativo en el que cada participante elaborar\u00e1 su propia colonia con frutas, hierbas y aceites esenciales. Adem\u00e1s, conocer\u00e1n c\u00f3mo se reciclaba antiguamente en la Fassina. Incluye una botella de colonia y un delantal de recuerdo.<\/p>\n<hr data-start=\"1414\" data-end=\"1417\" \/>\n<h3 data-start=\"1419\" data-end=\"1456\"><strong>Programaci\u00f3n talleres 2026: <a href=\"https:\/\/covesdelespluga.info\/wp-content\/uploads\/sites\/2\/2026\/03\/PREVISIO-TALLERS-FAMILIARS-2026-BO.pdf\">CONSULTA AQU\u00cd<\/a><\/strong><\/h3>\n<p data-start=\"1457\" data-end=\"1503\"><em data-start=\"1457\" data-end=\"1503\">(Plazas limitadas, consultar disponibilidad)<\/em><\/p>\n<hr data-start=\"1716\" data-end=\"1719\" \/>\n<h3 data-start=\"1721\" data-end=\"1748\"><strong data-start=\"1725\" data-end=\"1748\">Informaci\u00f3n general<\/strong><\/h3>\n<ul data-start=\"1750\" data-end=\"2078\">\n<li data-start=\"1750\" data-end=\"1802\">\n<p data-start=\"1752\" data-end=\"1802\"><strong data-start=\"1752\" data-end=\"1763\">Precio:<\/strong> 6,00 \u20ac por persona (adultos y ni\u00f1os)<\/p>\n<\/li>\n<li data-start=\"1803\" data-end=\"1847\">\n<p data-start=\"1805\" data-end=\"1847\"><strong data-start=\"1805\" data-end=\"1818\">Duraci\u00f3n:<\/strong> Aproximadamente 1 h 30 min<\/p>\n<\/li>\n<li data-start=\"1878\" data-end=\"1956\">\n<p data-start=\"1880\" data-end=\"1956\"><strong data-start=\"1880\" data-end=\"1902\">Tipo de actividad:<\/strong> familiar (participan conjuntamente adultos y ni\u00f1os)<\/p>\n<\/li>\n<li data-start=\"1957\" data-end=\"1979\">\n<p data-start=\"1959\" data-end=\"1979\"><strong data-start=\"1959\" data-end=\"1977\">Aforo limitado<\/strong><\/p>\n<\/li>\n<li data-start=\"1980\" data-end=\"2078\">\n<p data-start=\"1982\" data-end=\"2078\"><strong data-start=\"1982\" data-end=\"2013\">Reserva previa obligatoria:<\/strong> Oficina de Turismo \u2013 977 871 220 | <a class=\"cursor-pointer\" rel=\"noopener\" data-start=\"2049\" data-end=\"2078\">turisme@esplugadefrancoli.cat<\/a><\/p>\n<\/li>\n<\/ul>\n<hr data-start=\"2080\" data-end=\"2083\" \/>\n<h3 data-start=\"2085\" data-end=\"2110\"><strong data-start=\"2089\" data-end=\"2110\">Horarios y grupos<\/strong><\/h3>\n<p data-start=\"2112\" data-end=\"2380\">Horario habitual de los talleres <strong>12:30h.<\/strong><\/p>\n<p data-start=\"2112\" data-end=\"2380\">Los talleres se organizan en puentes, festivos y per\u00edodos de vacaciones escolares.<br data-start=\"2194\" data-end=\"2197\" \/>Los grupos familiares pueden concertar sesiones fuera de calendario, eligiendo fecha y hora. En este caso, se requiere reserva anticipada y el pago m\u00ednimo correspondiente a 12 plazas.<\/p>\n<hr data-start=\"2382\" data-end=\"2385\" \/>\n<h3 data-start=\"2387\" data-end=\"2413\"><strong data-start=\"2391\" data-end=\"2413\">Punto de encuentro<\/strong><\/h3>\n<p data-start=\"2415\" data-end=\"2475\">Se debe llegar <strong data-start=\"2430\" data-end=\"2450\">15 minutos antes<\/strong> del inicio del taller.<\/p>\n<ul data-start=\"2476\" data-end=\"2635\">\n<li data-start=\"2476\" data-end=\"2560\">\n<p data-start=\"2478\" data-end=\"2560\"><strong data-start=\"2478\" data-end=\"2505\">Talleres en las Cuevas:<\/strong> Recepci\u00f3n de las Cuevas de L\u2019Espluga (Av. Catalunya)<\/p>\n<\/li>\n<li data-start=\"2561\" data-end=\"2635\">\n<p data-start=\"2563\" data-end=\"2635\"><strong data-start=\"2563\" data-end=\"2590\">Talleres en la Fassina:<\/strong> Oficina de Turismo (Plaza del Mil\u00b7lenari, 1)<\/p>\n<\/li>\n<\/ul>\n<hr data-start=\"2637\" data-end=\"2640\" \/>\n<h3 data-start=\"2642\" data-end=\"2671\"><strong data-start=\"2646\" data-end=\"2671\">Condiciones generales<\/strong><\/h3>\n<ul data-start=\"2673\" data-end=\"2991\">\n<li data-start=\"2673\" data-end=\"2741\">\n<p data-start=\"2675\" data-end=\"2741\">El cup\u00f3n es v\u00e1lido hasta el <strong data-start=\"2703\" data-end=\"2722\">31 de diciembre<\/strong> del a\u00f1o en curso<\/p>\n<\/li>\n<li data-start=\"2742\" data-end=\"2788\">\n<p data-start=\"2744\" data-end=\"2788\">El precio es el mismo para adultos y ni\u00f1os<\/p>\n<\/li>\n<li data-start=\"2789\" data-end=\"2879\">\n<p data-start=\"2791\" data-end=\"2879\"><strong data-start=\"2791\" data-end=\"2819\">Pol\u00edtica de cancelaci\u00f3n:<\/strong> sin coste si se avisa con un m\u00ednimo de 24 h de antelaci\u00f3n<\/p>\n<\/li>\n<li data-start=\"2880\" data-end=\"2991\">\n<p data-start=\"2882\" data-end=\"2991\">Al realizar la compra, <strong data-start=\"2905\" data-end=\"2948\">revisad la carpeta de correo no deseado<\/strong> para aseguraros de recibir la confirmaci\u00f3n<\/p>\n<\/li>\n<\/ul>\n","protected":false},"excerpt":{"rendered":"<p>Talleres familiares en L\u2019Espluga de Francol\u00ed Reserva previa obligatoriaAntes de comprar los cupones para los talleres, es imprescindible contactar con la Oficina de Turismo de L\u2019Espluga de Francol\u00ed para reservar plaza.\ud83d\udcde Tel\u00e9fono: 977 871 220\ud83d\udce7 Correo electr\u00f3nico: turisme@esplugadefrancoli.catUna vez confirmada la inscripci\u00f3n, ya podr\u00e9is realizar la compra online. Talleres Taller de Prehistoria en las Cuevas [&hellip;]<\/p>\n","protected":false},"featured_media":22555,"template":"","meta":[],"product_cat":[317],"product_tag":[],"class_list":{"0":"post-22554","1":"product","2":"type-product","3":"status-publish","4":"has-post-thumbnail","6":"product_cat-sense-categoria-es","8":"first","9":"instock","10":"virtual","11":"purchasable","12":"product-type-simple"},"acf":[],"_links":{"self":[{"href":"https:\/\/esplugaturisme.cat\/es\/wp-json\/wp\/v2\/product\/22554"}],"collection":[{"href":"https:\/\/esplugaturisme.cat\/es\/wp-json\/wp\/v2\/product"}],"about":[{"href":"https:\/\/esplugaturisme.cat\/es\/wp-json\/wp\/v2\/types\/product"}],"wp:featuredmedia":[{"embeddable":true,"href":"https:\/\/esplugaturisme.cat\/es\/wp-json\/wp\/v2\/media\/22555"}],"wp:attachment":[{"href":"https:\/\/esplugaturisme.cat\/es\/wp-json\/wp\/v2\/media?parent=22554"}],"wp:term":[{"taxonomy":"product_cat","embeddable":true,"href":"https:\/\/esplugaturisme.cat\/es\/wp-json\/wp\/v2\/product_cat?post=22554"},{"taxonomy":"product_tag","embeddable":true,"href":"https:\/\/esplugaturisme.cat\/es\/wp-json\/wp\/v2\/product_tag?post=22554"}],"curies":[{"name":"wp","href":"https:\/\/api.w.org\/{rel}","templated":true}]}}