{"id":22556,"date":"2022-10-26T09:55:20","date_gmt":"2022-10-26T07:55:20","guid":{"rendered":"https:\/\/esplugaturisme.cat\/reserves\/visita-al-museu-de-laiguardent-fassina-balanya\/"},"modified":"2026-04-06T10:18:24","modified_gmt":"2026-04-06T08:18:24","slug":"visita-al-museu-de-laiguardent-fassina-balanya","status":"publish","type":"product","link":"https:\/\/esplugaturisme.cat\/es\/reserves\/visita-al-museu-de-laiguardent-fassina-balanya\/","title":{"rendered":"Visita el Museo de Aguardiente Fassina Balany\u00e0"},"content":{"rendered":"<div class=\"tinymce max-width--60  pb-4-desktop pb-4-tablet pb-2-mobile \">\n    <p>Visita la Fassina Balany\u00e0, la antigua f\u00e1brica de aguardiente, para conocer su proceso de elaboraci\u00f3n y su historia. Destilaci\u00f3n en directo y degustaci\u00f3n.<\/p>\n<ul>\n<li><strong>El precio incluye<\/strong><br \/>Visita semi-guiada al museo de la Fassina Balany\u00e0, destilaci\u00f3n en directo y degustaci\u00f3n de licores.<br \/>Duraci\u00f3n aproximada: 1\u202fh. <strong>Los d\u00edas marcados en rojo en el calendario<\/strong>, visitas libres a precio reducido. Consulte al 977871220.<\/li>\n<li><strong>Horarios<\/strong><br \/>De martes a viernes: de 9:30 h a 14:30 h. S\u00e1bado: de 10:30 h a 13:30 h y de 16:00 h a 18:00 h. Domingo: de 10:30 h a 13:30 h. Cerrado los d\u00edas 24, 25, 26 y 31 de diciembre; y 1 y 6 de enero.<\/li>\n<li><strong>Verano, Semana Santa, Puentes y Navidad:<\/strong> de martes a s\u00e1bado de 10:30 h a 13:30 h y de 16:00 h a 18:00 h; domingo: de 10:30 h a 13:30 h.<\/li>\n<li><strong>Idioma:<\/strong> Todas las visitas son en catal\u00e1n. En castellano con reserva previa.\u00a0<\/li>\n<li><strong>Punto de encuentro<\/strong><br \/>Recepci\u00f3n de la Fassina (Pl. Mil\u00b7lenari, 1) de l&#8217;Espluga de Francol\u00ed.<br \/>Tel\u00e9fono: 977871220<br \/><strong>Importante: <\/strong>una vez realizada la reserva, revisa la carpeta de correo no deseado.<\/li>\n<\/ul>\n<\/div>","protected":false},"excerpt":{"rendered":"","protected":false},"featured_media":22558,"template":"","meta":[],"product_cat":[317],"product_tag":[],"class_list":{"0":"post-22556","1":"product","2":"type-product","3":"status-publish","4":"has-post-thumbnail","6":"product_cat-sense-categoria-es","8":"first","9":"instock","10":"virtual","11":"sold-individually","12":"purchasable","13":"product-type-booking"},"acf":[],"_links":{"self":[{"href":"https:\/\/esplugaturisme.cat\/es\/wp-json\/wp\/v2\/product\/22556"}],"collection":[{"href":"https:\/\/esplugaturisme.cat\/es\/wp-json\/wp\/v2\/product"}],"about":[{"href":"https:\/\/esplugaturisme.cat\/es\/wp-json\/wp\/v2\/types\/product"}],"wp:featuredmedia":[{"embeddable":true,"href":"https:\/\/esplugaturisme.cat\/es\/wp-json\/wp\/v2\/media\/22558"}],"wp:attachment":[{"href":"https:\/\/esplugaturisme.cat\/es\/wp-json\/wp\/v2\/media?parent=22556"}],"wp:term":[{"taxonomy":"product_cat","embeddable":true,"href":"https:\/\/esplugaturisme.cat\/es\/wp-json\/wp\/v2\/product_cat?post=22556"},{"taxonomy":"product_tag","embeddable":true,"href":"https:\/\/esplugaturisme.cat\/es\/wp-json\/wp\/v2\/product_tag?post=22556"}],"curies":[{"name":"wp","href":"https:\/\/api.w.org\/{rel}","templated":true}]}}