{"id":64931,"date":"2022-10-26T09:41:33","date_gmt":"2022-10-26T07:41:33","guid":{"rendered":"https:\/\/esplugaturisme.cat\/reserves\/coves-de-lespluga-ruta-aventura\/"},"modified":"2025-11-24T14:14:37","modified_gmt":"2025-11-24T13:14:37","slug":"coves-de-lespluga-ruta-aventura","status":"publish","type":"product","link":"https:\/\/esplugaturisme.cat\/es\/reserves\/coves-de-lespluga-ruta-aventura\/","title":{"rendered":"Coves de l\u2019Espluga &#8211; ruta aventura"},"content":{"rendered":"<div class=\"columns  is-multiline is-variable is-6 mb-4-desktop mb-2-tablet mb-2-mobile   seccio\">\n        \n<div class=\"column  is-12\" >\n      \n<div class=\"tinymce max-width--60  pb-4-desktop pb-4-tablet pb-2-mobile flow\">\n    <h3><strong>Vive el r\u00edo subterr\u00e1neo por las galer\u00edas m\u00e1s ins\u00f3litas y sorprendentes de la cueva.<\/strong><\/h3>\n<p>Para los visitantes m\u00e1s atrevidos, le ofrecemos una visita m\u00e1s all\u00e1 del Museo. Remontar el r\u00edo subterr\u00e1neo por las galer\u00edas m\u00e1s ins\u00f3litas y fascinantes.<\/p>\n<p>Equipados con un traje de neopreno, casco y luz, los visitantes, acompa\u00f1ados por dos gu\u00edas espele\u00f3logos, se introducen por la parte m\u00e1s genuina de la cueva hasta llegar a la gran Sala de la Biela.<\/p>\n<p>Durante el trayecto los visitantes conocer\u00e1n la formaci\u00f3n geol\u00f3gica de esta cavidad subterr\u00e1nea, los pozos que permitieron su descubrimiento, el circuito del agua y la trayectoria del r\u00edo, el proceso de filtrado y escorrent\u00eda del agua, las di\u00e1clasis, y la Galer\u00eda de Lago, lugar de rituales \u00edberos.<\/p>\n<\/div>\n\n<div class=\"mt-0 pb-2-desktop pb-2-tablet pb-2-mobile\">\n    <hr class=\"ml-0 max-width--70 btso-1-black \">\n<\/div>\n\n<div class=\"columns  is-multiline is-variable is-6 mb-4-desktop mb-2-tablet mb-2-mobile   seccio\">\n        \n<div class=\"column  is-4\" >\n      \n<div class=\"mt-0 pb-2-desktop pb-2-tablet pb-2-mobile max-width--70 parraf \">\n        <p><b>El precio incluye<\/b><\/p>    <\/div>\n<\/div>\n\n<div class=\"column  \" >\n      \n<div class=\"tinymce max-width--60  pb-4-desktop pb-4-tablet pb-2-mobile flow\">\n    <p>El guiaje por parte de dos espele\u00f3logos para realizar el itinerario por la parte del r\u00edo subterr\u00e1neo y el material necesario.<br \/>El precio tambi\u00e9n incluye la visita guiada a la parte del museo de Les Coves.<\/p>\n<\/div>\n<\/div>\n \n    <\/div>\n\n<div class=\"mt-0 pb-2-desktop pb-2-tablet pb-2-mobile\">\n    <hr class=\"ml-0 max-width--70 btso-1-black \">\n<\/div>\n\n<div class=\"columns  is-multiline is-variable is-6 mb-4-desktop mb-2-tablet mb-2-mobile   seccio\">\n        \n<div class=\"column  is-4\" >\n      \n<div class=\"mt-0 pb-2-desktop pb-2-tablet pb-2-mobile max-width--70 parraf \">\n        <p><b>Horarios<\/b><\/p>    <\/div>\n<\/div>\n\n<div class=\"column  \" >\n      \n<div class=\"tinymce max-width--60  pb-4-desktop pb-4-tablet pb-2-mobile flow\">\n    <p><strong>La ruta volver\u00e1 a estar activa a partir de Semana Santa de 2026.<\/strong><\/p>\n<p>Visitas adicionales bajo demanda, consulta disponibilidad.<\/p>\n<\/div>\n<\/div>\n \n    <\/div>\n\n<div class=\"mt-0 pb-2-desktop pb-2-tablet pb-2-mobile\">\n    <hr class=\"ml-0 max-width--70 btso-1-black mt-1 mb-1 \">\n<\/div>\n\n<div class=\"columns  is-multiline is-variable is-6 mb-4-desktop mb-2-tablet mb-2-mobile   seccio\">\n        \n<div class=\"column  is-4\" >\n      \n<div class=\"mt-0 pb-2-desktop pb-2-tablet pb-2-mobile max-width--70 parraf \">\n        <p><b>Punto de encuentr<\/b><br><\/p>    <\/div>\n<\/div>\n\n<div class=\"column  \" >\n      \n<div class=\"tinymce max-width--60  pb-4-desktop pb-4-tablet pb-2-mobile \">\n    <p>Recepci\u00f3n de las Cuevas de l&#8217;Espluga. Av. Catalu\u00f1a, s\/n de la Espluga de Francol\u00ed. Habr\u00e1 que estar al menos 15 minutos antes del inicio de la visita para canjear el bonus<\/p>\n<\/div>\n<\/div>\n \n    <\/div>\n\n<div class=\"mt-0 pb-2-desktop pb-2-tablet pb-2-mobile\">\n    <hr class=\"ml-0 max-width--70 btso-1-black mt-1 mb-1 \">\n<\/div>\n\n<div class=\"columns  is-multiline is-variable is-6 mb-4-desktop mb-2-tablet mb-2-mobile   seccio\">\n        \n<div class=\"column  is-4\" >\n      \n<div class=\"mt-0 pb-2-desktop pb-2-tablet pb-2-mobile max-width--70 parraf \">\n        <p><b>Idiomas<\/b><br><\/p>    <\/div>\n<\/div>\n\n<div class=\"column  \" >\n      \n<div class=\"tinymce max-width--60  pb-4-desktop pb-4-tablet pb-2-mobile \">\n    <p>La visita pot ser en catal\u00e0, castell\u00e0, franc\u00e8s o angl\u00e8s<\/p>\n<\/div>\n<\/div>\n \n    <\/div>\n\n<div class=\"mt-0 pb-2-desktop pb-2-tablet pb-2-mobile\">\n    <hr class=\"ml-0 max-width--70 btso-1-black mt-1 mb-1 \">\n<\/div>\n\n<div class=\"columns  is-multiline is-variable is-6 mb-4-desktop mb-2-tablet mb-2-mobile   seccio\">\n        \n<div class=\"column  is-4\" >\n      \n<div class=\"mt-0 pb-2-desktop pb-2-tablet pb-2-mobile max-width--70 parraf \">\n        <p><b>A tener en cuen<\/b><br><\/p>    <\/div>\n<\/div>\n\n<div class=\"column  \" >\n      \n<div class=\"tinymce max-width--60  pb-4-desktop pb-4-tablet pb-2-mobile \">\n    <p>\u2013 Grupos\u00a0 de 6 a 15 personas.<br \/>\u2013 Le facilitaremos el traje de neopreno completo (traje y escarpines), casco y luz frontal.<br \/>&#8211; Servicio de vestuarios y duchas.<br \/>\u2013 Por su parte, el d\u00eda de la expedici\u00f3n es necesario llevar: ba\u00f1ador, unas zapatillas viejas (un calzado que le quede atado al pie) y lo que necesita para la ducha posterior: jab\u00f3n, toalla, etc.<\/p>\n<\/div>\n<\/div>\n \n    <\/div>\n\n<div class=\"mt-0 pb-2-desktop pb-2-tablet pb-2-mobile\">\n    <hr class=\"ml-0 max-width--70 btso-1-black mt-1 mb-1 \">\n<\/div>\n\n<div class=\"columns  is-multiline is-variable is-6 mb-4-desktop mb-2-tablet mb-2-mobile   seccio\">\n        \n<div class=\"column  is-4\" >\n      \n<div class=\"mt-0 pb-2-desktop pb-2-tablet pb-2-mobile max-width--70 parraf \">\n        <p><b>Accesibilitat<\/b><br><\/p>    <\/div>\n<\/div>\n\n<div class=\"column  \" >\n      \n<div class=\"tinymce max-width--60  pb-4-desktop pb-4-tablet pb-2-mobile \">\n    <p>Actividad no recomendada para personas con claustrofobia.<br \/>Actividad a partir de 7 a\u00f1os de edad.<\/p>\n<\/div>\n<\/div>\n \n    <\/div>\n\n<div class=\"mt-0 pb-2-desktop pb-2-tablet pb-2-mobile\">\n    <hr class=\"ml-0 max-width--70 btso-1-black mt-1 mb-1 \">\n<\/div>\n\n<div class=\"columns  is-multiline is-variable is-6 mb-4-desktop mb-2-tablet mb-2-mobile   seccio\">\n        \n<div class=\"column  is-4\" >\n      \n<div class=\"mt-0 pb-2-desktop pb-2-tablet pb-2-mobile max-width--70 parraf \">\n        <p><b>Condiciones<\/b><br><\/p>    <\/div>\n<\/div>\n\n<div class=\"column  \" >\n      \n<div class=\"tinymce max-width--60  pb-4-desktop pb-4-tablet pb-2-mobile \">\n    <ul>\n<li>Antes de comprar los cupones sin fecha debe contactar con la Oficina de Turismo de la Espluga de Francol\u00ed (Tel\u00e9fono: 977871220), para confirmar d\u00eda y hora de la reserva.<\/li>\n<li>El vale es v\u00e1lido hasta el 31\/12 del a\u00f1o en el transcurso de la compra.<\/li>\n<li>Es necesaria reserva previa con un m\u00ednimo de 6 personas y un m\u00e1ximo de 15.<\/li>\n<li>Los ni\u00f1os de 7 a 14 a\u00f1os deben ir acompa\u00f1ados necesariamente por un adulto.<\/li>\n<li>Pol\u00edtica de cancelaci\u00f3n: sin coste comunic\u00e1ndolo por correo electr\u00f3nico hasta 72 horas antes de la actividad.<\/li>\n<\/ul>\n<\/div>\n<\/div>\n \n    <\/div>\n\n<div class=\"  pt-2 pb-2 mb-2-mobile botons\">   \n   <a href=\"https:\/\/covesdelespluga.info\/es\/preguntes-frequents\/\" class=\"button   secondary\">\u00bfTienes dudas? Consulta la secci\u00f3n de preguntas frecuentes.<\/a><\/div>\n<\/div>\n \n    <\/div>","protected":false},"excerpt":{"rendered":"","protected":false},"featured_media":22766,"template":"","meta":[],"product_cat":[317],"product_tag":[],"class_list":{"0":"post-64931","1":"product","2":"type-product","3":"status-publish","4":"has-post-thumbnail","6":"product_cat-sense-categoria-es","8":"first","9":"instock","10":"virtual","11":"purchasable","12":"product-type-simple"},"acf":[],"_links":{"self":[{"href":"https:\/\/esplugaturisme.cat\/es\/wp-json\/wp\/v2\/product\/64931"}],"collection":[{"href":"https:\/\/esplugaturisme.cat\/es\/wp-json\/wp\/v2\/product"}],"about":[{"href":"https:\/\/esplugaturisme.cat\/es\/wp-json\/wp\/v2\/types\/product"}],"wp:featuredmedia":[{"embeddable":true,"href":"https:\/\/esplugaturisme.cat\/es\/wp-json\/wp\/v2\/media\/22766"}],"wp:attachment":[{"href":"https:\/\/esplugaturisme.cat\/es\/wp-json\/wp\/v2\/media?parent=64931"}],"wp:term":[{"taxonomy":"product_cat","embeddable":true,"href":"https:\/\/esplugaturisme.cat\/es\/wp-json\/wp\/v2\/product_cat?post=64931"},{"taxonomy":"product_tag","embeddable":true,"href":"https:\/\/esplugaturisme.cat\/es\/wp-json\/wp\/v2\/product_tag?post=64931"}],"curies":[{"name":"wp","href":"https:\/\/api.w.org\/{rel}","templated":true}]}}