{"id":33641,"date":"2022-11-28T13:41:17","date_gmt":"2022-11-28T12:41:17","guid":{"rendered":"https:\/\/esplugaturisme.cat\/reserves\/ruta-templera-i-hospitalera-amb-ulleres-virtuals-a-lespluga-de-francoli\/"},"modified":"2026-04-06T09:59:47","modified_gmt":"2026-04-06T07:59:47","slug":"ruta-templera-i-hospitalera-amb-ulleres-virtuals-a-lespluga-de-francoli","status":"publish","type":"product","link":"https:\/\/esplugaturisme.cat\/fr\/reserves\/ruta-templera-i-hospitalera-amb-ulleres-virtuals-a-lespluga-de-francoli\/","title":{"rendered":"Route Templier et Hospitalier avec lunettes virtuelles \u00e0 l&rsquo;Espluga de Francol\u00ed"},"content":{"rendered":"<div class=\"tinymce max-width--60  pb-4-desktop pb-4-tablet pb-2-mobile \">\n    <p>D\u00e9couvrez l\u2019Espluga \u00e0 travers une visite du centre historique, o\u00f9 diff\u00e9rents contenus audiovisuels vous plongeront dans la vie quotidienne des seigneurs, des paysans, des juifs et des artisans.<\/p>\n<ul>\n<li><strong>Le prix comprend<\/strong><br \/>La visite guid\u00e9e et la location des lunettes de r\u00e9alit\u00e9 virtuelle (sauf gratuit\u00e9s).<br \/>Dur\u00e9e approximative : 1.30\u202fh.<\/li>\n<li><strong>Langue<\/strong><br \/>Catalan.\u00a0Espagnol sur r\u00e9servation pr\u00e9alable.<\/li>\n<li><strong>Point de rencontre<\/strong><br \/>Ancien H\u00f4pital (Place de l\u2019\u00c9glise), Espluga de Francol\u00ed.<br \/>T\u00e9l\u00e9phone : +34 977 87 12 20.<br \/><strong>Important : une fois la r\u00e9servation effectu\u00e9e, si vous ne recevez pas la notification, v\u00e9rifiez votre courrier ind\u00e9sirable.<\/strong><\/li>\n<\/ul>\n<\/div>","protected":false},"excerpt":{"rendered":"","protected":false},"featured_media":33642,"template":"","meta":[],"product_cat":[345],"product_tag":[],"class_list":{"0":"post-33641","1":"product","2":"type-product","3":"status-publish","4":"has-post-thumbnail","6":"product_cat-sense-categoria-fr","8":"first","9":"instock","10":"virtual","11":"sold-individually","12":"purchasable","13":"product-type-booking"},"acf":[],"_links":{"self":[{"href":"https:\/\/esplugaturisme.cat\/fr\/wp-json\/wp\/v2\/product\/33641"}],"collection":[{"href":"https:\/\/esplugaturisme.cat\/fr\/wp-json\/wp\/v2\/product"}],"about":[{"href":"https:\/\/esplugaturisme.cat\/fr\/wp-json\/wp\/v2\/types\/product"}],"wp:featuredmedia":[{"embeddable":true,"href":"https:\/\/esplugaturisme.cat\/fr\/wp-json\/wp\/v2\/media\/33642"}],"wp:attachment":[{"href":"https:\/\/esplugaturisme.cat\/fr\/wp-json\/wp\/v2\/media?parent=33641"}],"wp:term":[{"taxonomy":"product_cat","embeddable":true,"href":"https:\/\/esplugaturisme.cat\/fr\/wp-json\/wp\/v2\/product_cat?post=33641"},{"taxonomy":"product_tag","embeddable":true,"href":"https:\/\/esplugaturisme.cat\/fr\/wp-json\/wp\/v2\/product_tag?post=33641"}],"curies":[{"name":"wp","href":"https:\/\/api.w.org\/{rel}","templated":true}]}}