{"id":35694,"date":"2022-10-26T09:55:20","date_gmt":"2022-10-26T07:55:20","guid":{"rendered":"https:\/\/esplugaturisme.cat\/reserves\/visita-al-museu-de-laiguardent-fassina-balanya\/"},"modified":"2026-04-06T10:19:20","modified_gmt":"2026-04-06T08:19:20","slug":"visita-al-museu-de-laiguardent-fassina-balanya","status":"publish","type":"product","link":"https:\/\/esplugaturisme.cat\/fr\/reserves\/visita-al-museu-de-laiguardent-fassina-balanya\/","title":{"rendered":"Visite au Mus\u00e9e de l\u2019Aiguardent\/Fassina Balany\u00e0"},"content":{"rendered":"<div class=\"tinymce max-width--60  pb-4-desktop pb-4-tablet pb-2-mobile \">\n    <p>Visitez la Fassina Balany\u00e0, l\u2019ancienne distillerie d\u2019eau-de-vie, pour d\u00e9couvrir son processus de production et son histoire. Distillation en direct et d\u00e9gustation.<\/p>\n<ul>\n<li><strong>Le prix comprend: <\/strong>Visite semi-guid\u00e9e du mus\u00e9e de la Fassina Balany\u00e0, distillation en direct et d\u00e9gustation de liqueurs.<br \/>Dur\u00e9e approximative\u202f: 1\u202fh. <strong>Les jours indiqu\u00e9s en rouge sur le calendrier<\/strong>, visites gratuites \u00e0 tarif r\u00e9duit. Renseignements au 977871220.<\/li>\n<li><strong>Horaires: <\/strong>Du mardi au vendredi : de 9h30 \u00e0 14h30. Samedi : de 10h30 \u00e0 13h30 et de 16h00 \u00e0 18h00. Dimanche : de 10h30 \u00e0 13h30.\u00a0<\/li>\n<li>Ferm\u00e9 les 24, 25, 26 et 31 d\u00e9cembre ; ainsi que les 1er et 6 janvier.<\/li>\n<li><strong>\u00c9t\u00e9, P\u00e2ques, Ponts et No\u00ebl :<\/strong> du mardi au samedi de 10h30 \u00e0 13h30 et de 16h00 \u00e0 18h00 ; dimanche : de 10h30 \u00e0 13h30.<\/li>\n<li><strong>Langue\u00a0<\/strong>: Toutes les visites sont en catalan. Visites en espagnol sur r\u00e9servation pr\u00e9alable.<\/li>\n<li><strong>Point de rencontre : <\/strong>Accueil de la Fassina (Pl. Mil\u00b7lenari, 1), \u00e0 l\u2019Espluga de Francol\u00ed.<br \/>T\u00e9l\u00e9phone : +34 977 871 220<br \/><strong>Important : <\/strong>une fois la r\u00e9servation effectu\u00e9e, v\u00e9rifiez votre dossier de courrier ind\u00e9sirable.<\/li>\n<\/ul>\n<\/div>","protected":false},"excerpt":{"rendered":"","protected":false},"featured_media":35696,"template":"","meta":[],"product_cat":[345],"product_tag":[],"class_list":{"0":"post-35694","1":"product","2":"type-product","3":"status-publish","4":"has-post-thumbnail","6":"product_cat-sense-categoria-fr","8":"first","9":"instock","10":"virtual","11":"sold-individually","12":"purchasable","13":"product-type-booking"},"acf":[],"_links":{"self":[{"href":"https:\/\/esplugaturisme.cat\/fr\/wp-json\/wp\/v2\/product\/35694"}],"collection":[{"href":"https:\/\/esplugaturisme.cat\/fr\/wp-json\/wp\/v2\/product"}],"about":[{"href":"https:\/\/esplugaturisme.cat\/fr\/wp-json\/wp\/v2\/types\/product"}],"wp:featuredmedia":[{"embeddable":true,"href":"https:\/\/esplugaturisme.cat\/fr\/wp-json\/wp\/v2\/media\/35696"}],"wp:attachment":[{"href":"https:\/\/esplugaturisme.cat\/fr\/wp-json\/wp\/v2\/media?parent=35694"}],"wp:term":[{"taxonomy":"product_cat","embeddable":true,"href":"https:\/\/esplugaturisme.cat\/fr\/wp-json\/wp\/v2\/product_cat?post=35694"},{"taxonomy":"product_tag","embeddable":true,"href":"https:\/\/esplugaturisme.cat\/fr\/wp-json\/wp\/v2\/product_tag?post=35694"}],"curies":[{"name":"wp","href":"https:\/\/api.w.org\/{rel}","templated":true}]}}