{"id":35977,"date":"2022-10-26T09:41:37","date_gmt":"2022-10-26T07:41:37","guid":{"rendered":"https:\/\/esplugaturisme.cat\/reserves\/tallers-familiars\/"},"modified":"2026-03-11T12:40:16","modified_gmt":"2026-03-11T11:40:16","slug":"tallers-familiars","status":"publish","type":"product","link":"https:\/\/esplugaturisme.cat\/fr\/reserves\/tallers-familiars\/","title":{"rendered":"Ateliers familiaux"},"content":{"rendered":"<h2 data-start=\"53\" data-end=\"102\"><strong data-start=\"56\" data-end=\"102\">Ateliers familiaux \u00e0 L\u2019Espluga de Francol\u00ed<\/strong><\/h2>\n<p data-start=\"1515\" data-end=\"1561\"><em data-start=\"1515\" data-end=\"1561\">(Places limit\u00e9es, v\u00e9rifier la disponibilit\u00e9)<\/em><\/p>\n<p data-start=\"104\" data-end=\"459\"><strong data-start=\"104\" data-end=\"141\">R\u00e9servation pr\u00e9alable obligatoire<\/strong><br data-start=\"141\" data-end=\"144\" \/>Avant d\u2019acheter les coupons pour les ateliers, il est indispensable de contacter l\u2019Office de Tourisme de L\u2019Espluga de Francol\u00ed pour r\u00e9server votre place.<br data-start=\"297\" data-end=\"300\" \/>\ud83d\udcde <strong data-start=\"303\" data-end=\"318\">T\u00e9l\u00e9phone :<\/strong> +34 977 871 220<br data-start=\"334\" data-end=\"337\" \/>\ud83d\udce7 <strong data-start=\"340\" data-end=\"352\">E-mail :<\/strong> <a class=\"cursor-pointer\" rel=\"noopener\" data-start=\"353\" data-end=\"382\">turisme@esplugadefrancoli.cat<\/a><br data-start=\"382\" data-end=\"385\" \/>Une fois l\u2019inscription confirm\u00e9e, vous pourrez effectuer l\u2019achat en ligne.<\/p>\n<hr data-start=\"461\" data-end=\"464\" \/>\n<h2 data-start=\"466\" data-end=\"490\"><strong data-start=\"469\" data-end=\"490\">Ateliers<\/strong><\/h2>\n<p data-start=\"492\" data-end=\"857\"><strong data-start=\"492\" data-end=\"562\">Atelier de Pr\u00e9histoire dans les Grottes \u2013 D\u00e9couvrez l\u2019art rupestre<\/strong><br data-start=\"562\" data-end=\"565\" \/>Une immersion dans la vie pr\u00e9historique \u00e0 travers des activit\u00e9s telles que la construction d\u2019une cabane, la d\u00e9monstration de l\u2019allumage d\u2019une lampe en pierre, et la cr\u00e9ation de peintures ou de gravures rupestres. Chaque participant repartira avec une dalle en pierre orn\u00e9e de sa propre \u0153uvre.<\/p>\n<p>\u00c2ge minimum\u00a0: 4\u00a0ans.<\/p>\n<p data-start=\"859\" data-end=\"1143\"><strong data-start=\"859\" data-end=\"929\">Atelier de Fouille dans les Grottes \u2013 Initiez-vous \u00e0 l\u2019arch\u00e9ologie<\/strong><br data-start=\"929\" data-end=\"932\" \/>Les participants d\u00e9couvriront l\u2019arch\u00e9ologie \u00e0 travers une fouille simul\u00e9e \u00e0 l\u2019int\u00e9rieur de la grande cabane des Grottes. Ils y trouveront des vestiges, les classeront et les dateront comme de vrais arch\u00e9ologues.<\/p>\n<p>\u00c2ge minimum recommand\u00e9\u00a0: 10\u00a0ans.<\/p>\n<p>Veuillez noter que cette activit\u00e9 implique de creuser dans le sol et de g\u00e9n\u00e9rer de la poussi\u00e8re.<\/p>\n<p data-start=\"1145\" data-end=\"1470\"><strong data-start=\"1145\" data-end=\"1212\">Atelier Fassineja \u00e0 la Fassina Balany\u00e0 \u2013 Cr\u00e9e ton propre parfum<\/strong><br data-start=\"1212\" data-end=\"1215\" \/>Un atelier cr\u00e9atif o\u00f9 chaque participant fabriquera son propre parfum \u00e0 base de fruits, plantes et huiles essentielles. Ils d\u00e9couvriront aussi les anciennes pratiques de recyclage \u00e0 la Fassina. L\u2019activit\u00e9 inclut un flacon de parfum et un tablier souvenir.<\/p>\n<hr data-start=\"1681\" data-end=\"1684\" \/>\n<h2 data-start=\"1686\" data-end=\"1715\"><strong data-start=\"1689\" data-end=\"1715\">Informations g\u00e9n\u00e9rales<\/strong><\/h2>\n<ul data-start=\"1717\" data-end=\"2036\">\n<li data-start=\"1717\" data-end=\"1772\">\n<p data-start=\"1719\" data-end=\"1772\"><strong data-start=\"1719\" data-end=\"1729\">Prix :<\/strong> 6,00 \u20ac par personne (adultes et enfants)<\/p>\n<\/li>\n<li data-start=\"1773\" data-end=\"1803\">\n<p data-start=\"1775\" data-end=\"1803\"><strong data-start=\"1775\" data-end=\"1786\">Dur\u00e9e :<\/strong> Environ 1 h 30<\/p>\n<\/li>\n<li data-start=\"1833\" data-end=\"1910\">\n<p data-start=\"1835\" data-end=\"1910\"><strong data-start=\"1835\" data-end=\"1856\">Type d\u2019activit\u00e9 :<\/strong> familiale (adultes et enfants participent ensemble)<\/p>\n<\/li>\n<li data-start=\"1911\" data-end=\"1935\">\n<p data-start=\"1913\" data-end=\"1935\">Capacit\u00e9 limit\u00e9e<\/p>\n<\/li>\n<li data-start=\"1911\" data-end=\"1935\">\n<h2><strong>Programme des ateliers 2026\u00a0: <a href=\"https:\/\/covesdelespluga.info\/wp-content\/uploads\/sites\/2\/2026\/03\/PREVISIO-TALLERS-FAMILIARS-2026-BO.pdf\">CONSULTEZ ICI<\/a><\/strong><\/h2>\n<\/li>\n<li data-start=\"1936\" data-end=\"2036\">\n<p data-start=\"1938\" data-end=\"2036\"><strong data-start=\"1938\" data-end=\"1967\">R\u00e9servation obligatoire :<\/strong> Office de Tourisme \u2013 +34 977 871 220 | <a class=\"cursor-pointer\" rel=\"noopener\" data-start=\"2007\" data-end=\"2036\">turisme@esplugadefrancoli.cat<\/a><\/p>\n<\/li>\n<\/ul>\n<hr data-start=\"2038\" data-end=\"2041\" \/>\n<h2 data-start=\"2043\" data-end=\"2069\"><strong data-start=\"2046\" data-end=\"2069\">Horaires et groupes<\/strong><\/h2>\n<p>Horaires habituels de l&rsquo;atelier : <strong>12h30<\/strong><\/p>\n<p data-start=\"2071\" data-end=\"2347\">Les ateliers sont programm\u00e9s pendant les jours f\u00e9ri\u00e9s, ponts et p\u00e9riodes de vacances scolaires.<br data-start=\"2166\" data-end=\"2169\" \/>Des groupes de familles peuvent r\u00e9server un atelier en dehors du calendrier r\u00e9gulier, en choisissant la date et l\u2019heure. Dans ce cas, un paiement minimum de 12 places est requis.<\/p>\n<hr data-start=\"2349\" data-end=\"2352\" \/>\n<h2 data-start=\"2354\" data-end=\"2380\"><strong data-start=\"2357\" data-end=\"2380\">Lieu de rendez-vous<\/strong><\/h2>\n<p data-start=\"2382\" data-end=\"2441\">Merci d\u2019arriver <strong data-start=\"2398\" data-end=\"2418\">15 minutes avant<\/strong> le d\u00e9but de l\u2019atelier.<\/p>\n<ul data-start=\"2443\" data-end=\"2604\">\n<li data-start=\"2443\" data-end=\"2529\">\n<p data-start=\"2445\" data-end=\"2529\"><strong data-start=\"2445\" data-end=\"2476\">Ateliers dans les Grottes :<\/strong> R\u00e9ception des Grottes de L\u2019Espluga (Av. Catalunya)<\/p>\n<\/li>\n<li data-start=\"2530\" data-end=\"2604\">\n<p data-start=\"2532\" data-end=\"2604\"><strong data-start=\"2532\" data-end=\"2559\">Ateliers \u00e0 la Fassina :<\/strong> Office de Tourisme (Pla\u00e7a del Mil\u00b7lenari, 1)<\/p>\n<\/li>\n<\/ul>\n","protected":false},"excerpt":{"rendered":"<p>Ateliers familiaux \u00e0 L\u2019Espluga de Francol\u00ed (Places limit\u00e9es, v\u00e9rifier la disponibilit\u00e9) R\u00e9servation pr\u00e9alable obligatoireAvant d\u2019acheter les coupons pour les ateliers, il est indispensable de contacter l\u2019Office de Tourisme de L\u2019Espluga de Francol\u00ed pour r\u00e9server votre place.\ud83d\udcde T\u00e9l\u00e9phone : +34 977 871 220\ud83d\udce7 E-mail : turisme@esplugadefrancoli.catUne fois l\u2019inscription confirm\u00e9e, vous pourrez effectuer l\u2019achat en ligne. Ateliers [&hellip;]<\/p>\n","protected":false},"featured_media":35978,"template":"","meta":[],"product_cat":[345],"product_tag":[],"class_list":{"0":"post-35977","1":"product","2":"type-product","3":"status-publish","4":"has-post-thumbnail","6":"product_cat-sense-categoria-fr","8":"first","9":"instock","10":"virtual","11":"purchasable","12":"product-type-simple"},"acf":[],"_links":{"self":[{"href":"https:\/\/esplugaturisme.cat\/fr\/wp-json\/wp\/v2\/product\/35977"}],"collection":[{"href":"https:\/\/esplugaturisme.cat\/fr\/wp-json\/wp\/v2\/product"}],"about":[{"href":"https:\/\/esplugaturisme.cat\/fr\/wp-json\/wp\/v2\/types\/product"}],"wp:featuredmedia":[{"embeddable":true,"href":"https:\/\/esplugaturisme.cat\/fr\/wp-json\/wp\/v2\/media\/35978"}],"wp:attachment":[{"href":"https:\/\/esplugaturisme.cat\/fr\/wp-json\/wp\/v2\/media?parent=35977"}],"wp:term":[{"taxonomy":"product_cat","embeddable":true,"href":"https:\/\/esplugaturisme.cat\/fr\/wp-json\/wp\/v2\/product_cat?post=35977"},{"taxonomy":"product_tag","embeddable":true,"href":"https:\/\/esplugaturisme.cat\/fr\/wp-json\/wp\/v2\/product_tag?post=35977"}],"curies":[{"name":"wp","href":"https:\/\/api.w.org\/{rel}","templated":true}]}}