{"id":59861,"date":"2022-11-28T12:34:21","date_gmt":"2022-11-28T11:34:21","guid":{"rendered":"https:\/\/esplugaturisme.cat\/reserves\/coves-de-lespluga-visite-guidee\/"},"modified":"2026-04-06T10:15:37","modified_gmt":"2026-04-06T08:15:37","slug":"coves-de-lespluga-visite-guidee","status":"publish","type":"product","link":"https:\/\/esplugaturisme.cat\/fr\/reserves\/coves-de-lespluga-visite-guidee\/","title":{"rendered":"Coves de l\u2019Espluga &#8211; Visite guid\u00e9e"},"content":{"rendered":"<div class=\"tinymce max-width--60  pb-4-desktop pb-4-tablet pb-2-mobile \">\n    <p>Venez profiter d&rsquo;une journ\u00e9e incroyable en famille \u00e0 l&rsquo;int\u00e9rieur des grottes de l&rsquo;Espluga. Parcours d&rsquo;environ 400 m\u00e8tres \u00e0 travers la cavit\u00e9 souterraine pour d\u00e9couvrir la formation g\u00e9ologique et l&rsquo;\u00e9volution humaine.<\/p>\n<ul>\n<li><strong>Le prix inclut<\/strong> Le prix inclut une visite guid\u00e9e du mus\u00e9e des Grottes de l&rsquo;Espluga. Dur\u00e9e approximative de 1.15h.<\/li>\n<li><strong>Langue:<\/strong> Les visites sont toujours guid\u00e9es et en catalan.\u00a0 \u00a0 \u00a0 \u00a0 \u00a0 \u00a0 \u00a0 \u00a0 <strong>Visites en espagnol:<\/strong> Week-ends, jours f\u00e9ri\u00e9s et ponts: 12.45h.\u00a0 \u00a0 \u00a0 \u00a0 <strong>Service d&rsquo;audioguides gratuit<\/strong> en espagnol, anglais, fran\u00e7ais, n\u00e9erlandais et russe lors de toutes les visites.<\/li>\n<\/ul>\n<ul>\n<li><strong>Point de rencontre<\/strong> R\u00e9ception des Grottes (Avda. Catalunya, S\/N) \u00e0 l&rsquo;Espluga de Francol\u00ed. T\u00e9l\u00e9phone: 977 87 12 20.<br \/><strong>Important: une fois la r\u00e9servation effectu\u00e9e, v\u00e9rifiez votre courrier ind\u00e9sirable. La r\u00e9servation doit \u00eatre \u00e9chang\u00e9e \u00e0 la r\u00e9ception des Grottes.<\/strong><\/li>\n<\/ul>\n<\/div><div class=\"columns  is-multiline is-variable is- mb-4-desktop mb-2-tablet mb-2-mobile   seccio\">\n         \n    <\/div><div class=\"  pt-2 pb-2 mb-2-mobile botons\">   \n   <a href=\"https:\/\/covesdelespluga.info\/fr\/preguntes-frequents\/\" class=\"button   secondary\">Vous avez des doutes ? Consultez la section des questions fr\u00e9quentes.<\/a><\/div><div class=\"  pt-2 pb-2 mb-2-mobile botons\">   \n   <\/div><div class=\"columns  is-multiline is-variable is- mb-4-desktop mb-2-tablet mb-2-mobile   seccio\">\n         \n    <\/div>","protected":false},"excerpt":{"rendered":"","protected":false},"featured_media":35017,"template":"","meta":[],"product_cat":[345],"product_tag":[],"class_list":{"0":"post-59861","1":"product","2":"type-product","3":"status-publish","4":"has-post-thumbnail","6":"product_cat-sense-categoria-fr","8":"first","9":"instock","10":"virtual","11":"sold-individually","12":"purchasable","13":"product-type-booking"},"acf":[],"_links":{"self":[{"href":"https:\/\/esplugaturisme.cat\/fr\/wp-json\/wp\/v2\/product\/59861"}],"collection":[{"href":"https:\/\/esplugaturisme.cat\/fr\/wp-json\/wp\/v2\/product"}],"about":[{"href":"https:\/\/esplugaturisme.cat\/fr\/wp-json\/wp\/v2\/types\/product"}],"wp:featuredmedia":[{"embeddable":true,"href":"https:\/\/esplugaturisme.cat\/fr\/wp-json\/wp\/v2\/media\/35017"}],"wp:attachment":[{"href":"https:\/\/esplugaturisme.cat\/fr\/wp-json\/wp\/v2\/media?parent=59861"}],"wp:term":[{"taxonomy":"product_cat","embeddable":true,"href":"https:\/\/esplugaturisme.cat\/fr\/wp-json\/wp\/v2\/product_cat?post=59861"},{"taxonomy":"product_tag","embeddable":true,"href":"https:\/\/esplugaturisme.cat\/fr\/wp-json\/wp\/v2\/product_tag?post=59861"}],"curies":[{"name":"wp","href":"https:\/\/api.w.org\/{rel}","templated":true}]}}