{"id":64940,"date":"2022-10-26T09:41:33","date_gmt":"2022-10-26T07:41:33","guid":{"rendered":"https:\/\/esplugaturisme.cat\/reserves\/coves-de-lespluga-ruta-aventura\/"},"modified":"2025-11-24T14:15:58","modified_gmt":"2025-11-24T13:15:58","slug":"coves-de-lespluga-ruta-aventura","status":"publish","type":"product","link":"https:\/\/esplugaturisme.cat\/fr\/reserves\/coves-de-lespluga-ruta-aventura\/","title":{"rendered":"Coves de l\u2019Espluga &#8211; parcours aventure"},"content":{"rendered":"<div class=\"columns  is-multiline is-variable is-6 mb-4-desktop mb-2-tablet mb-2-mobile   seccio\">\n        \n<div class=\"column  is-12\" >\n      \n<div class=\"tinymce max-width--60  pb-4-desktop pb-4-tablet pb-2-mobile flow\">\n    <h3><strong>D\u00e9couvrez la rivi\u00e8re souterraine \u00e0 travers les galeries les plus insolites et surprenantes de la grotte.<\/strong><\/h3>\n<p>Pour les visiteurs les plus audacieux, nous proposons une visite au-del\u00e0 du Mus\u00e9e. Remontez la rivi\u00e8re souterraine \u00e0 travers les galeries les plus insolites et fascinantes.<\/p>\n<p>Equip\u00e9s d&rsquo;une combinaison en n\u00e9opr\u00e8ne, d&rsquo;un casque et d&rsquo;une lampe, les visiteurs, accompagn\u00e9s de deux guides sp\u00e9l\u00e9ologiques, p\u00e9n\u00e8trent dans la partie la plus authentique de la grotte jusqu&rsquo;\u00e0 atteindre la grande Sala de la Biela.<\/p>\n<p>Au cours du parcours, les visiteurs d\u00e9couvriront la formation g\u00e9ologique de cette cavit\u00e9 souterraine, les puits qui ont permis sa d\u00e9couverte, le circuit d&rsquo;eau et la trajectoire de la rivi\u00e8re, le processus de filtration et de scolarisation de l&rsquo;eau, la diaclasis et la Galerie du Lac, site de Rituels ib\u00e9riques.<\/p>\n<\/div>\n\n<div class=\"mt-0 pb-2-desktop pb-2-tablet pb-2-mobile\">\n    <hr class=\"ml-0 max-width--70 btso-1-black \">\n<\/div>\n\n<div class=\"columns  is-multiline is-variable is-6 mb-4-desktop mb-2-tablet mb-2-mobile   seccio\">\n        \n<div class=\"column  is-4\" >\n      \n<div class=\"mt-0 pb-2-desktop pb-2-tablet pb-2-mobile max-width--70 parraf \">\n        <p><b>Le prix comprend<\/b><br><\/p>    <\/div>\n<\/div>\n\n<div class=\"column  \" >\n      \n<div class=\"tinymce max-width--60  pb-4-desktop pb-4-tablet pb-2-mobile flow\">\n    <p>L&rsquo;accompagnement de deux sp\u00e9l\u00e9ologues pour la r\u00e9alisation de l&rsquo;itin\u00e9raire \u00e0 travers la rivi\u00e8re souterraine et le mat\u00e9riel n\u00e9cessaire sont inclus. Le prix comprend \u00e9galement la visite guid\u00e9e de la partie mus\u00e9e des grottes.<\/p>\n<\/div>\n<\/div>\n \n    <\/div>\n\n<div class=\"mt-0 pb-2-desktop pb-2-tablet pb-2-mobile\">\n    <hr class=\"ml-0 max-width--70 btso-1-black \">\n<\/div>\n\n<div class=\"columns  is-multiline is-variable is-6 mb-4-desktop mb-2-tablet mb-2-mobile   seccio\">\n        \n<div class=\"column  is-4\" >\n      \n<div class=\"mt-0 pb-2-desktop pb-2-tablet pb-2-mobile max-width--70 parraf \">\n        <p><b>Horaires<\/b><br><\/p>    <\/div>\n<\/div>\n\n<div class=\"column  \" >\n      \n<div class=\"tinymce max-width--60  pb-4-desktop pb-4-tablet pb-2-mobile flow\">\n    <p><strong>Le parcours sera de nouveau op\u00e9rationnelle \u00e0 partir de P\u00e2ques 2026.<\/strong><\/p>\n<p>Visites suppl\u00e9mentaires sur demande, consultation disponibilit\u00e9.<\/p>\n<\/div>\n<\/div>\n \n    <\/div>\n\n<div class=\"mt-0 pb-2-desktop pb-2-tablet pb-2-mobile\">\n    <hr class=\"ml-0 max-width--70 btso-1-black mt-1 mb-1 \">\n<\/div>\n\n<div class=\"columns  is-multiline is-variable is-6 mb-4-desktop mb-2-tablet mb-2-mobile   seccio\">\n        \n<div class=\"column  is-4\" >\n      \n<div class=\"mt-0 pb-2-desktop pb-2-tablet pb-2-mobile max-width--70 parraf \">\n        <p><b class=\"\">Point de rencontre<\/b><br><\/p>    <\/div>\n<\/div>\n\n<div class=\"column  \" >\n      \n<div class=\"tinymce max-width--60  pb-4-desktop pb-4-tablet pb-2-mobile \">\n    <p>R\u00e9ception des Grottes d&rsquo;Espluga. Av. Catalogne, s\/n d&rsquo;Espluga de Francol\u00ed. Vous devez \u00eatre pr\u00e9sent au moins 15 minutes avant le d\u00e9but de la visite pour profiter du bonus<\/p>\n<\/div>\n<\/div>\n \n    <\/div>\n\n<div class=\"mt-0 pb-2-desktop pb-2-tablet pb-2-mobile\">\n    <hr class=\"ml-0 max-width--70 btso-1-black mt-1 mb-1 \">\n<\/div>\n\n<div class=\"columns  is-multiline is-variable is-6 mb-4-desktop mb-2-tablet mb-2-mobile   seccio\">\n        \n<div class=\"column  is-4\" >\n      \n<div class=\"mt-0 pb-2-desktop pb-2-tablet pb-2-mobile max-width--70 parraf \">\n        <p><b>Langues<\/b><br><\/p>    <\/div>\n<\/div>\n\n<div class=\"column  \" >\n      \n<div class=\"tinymce max-width--60  pb-4-desktop pb-4-tablet pb-2-mobile \">\n    <p>La visite peut se faire en catalan, espagnol, fran\u00e7ais ou anglais<\/p>\n<\/div>\n<\/div>\n \n    <\/div>\n\n<div class=\"mt-0 pb-2-desktop pb-2-tablet pb-2-mobile\">\n    <hr class=\"ml-0 max-width--70 btso-1-black mt-1 mb-1 \">\n<\/div>\n\n<div class=\"columns  is-multiline is-variable is-6 mb-4-desktop mb-2-tablet mb-2-mobile   seccio\">\n        \n<div class=\"column  is-4\" >\n      \n<div class=\"mt-0 pb-2-desktop pb-2-tablet pb-2-mobile max-width--70 parraf \">\n        <p><b>A prendre en compte<\/b><br><\/p>    <\/div>\n<\/div>\n\n<div class=\"column  \" >\n      \n<div class=\"tinymce max-width--60  pb-4-desktop pb-4-tablet pb-2-mobile \">\n    <p>\u2013 Groupes de 6 \u00e0 15 personnes.<br \/>\u2013 Nous vous fournirons la combinaison compl\u00e8te (combinaison et chaussures), casque et lampe frontale.<br \/>\u2013 Service de vestiaires et de douches.<br \/>\u2013 De votre c\u00f4t\u00e9, le jour de l&rsquo;exp\u00e9dition vous devez apporter : un maillot de bain, des vieilles bambes (une chaussure qu&rsquo;on attache \u00e0 votre pied) et le n\u00e9cessaire pour la douche d&rsquo;apr\u00e8s : du savon, une serviette, etc.<\/p>\n<\/div>\n<\/div>\n \n    <\/div>\n\n<div class=\"mt-0 pb-2-desktop pb-2-tablet pb-2-mobile\">\n    <hr class=\"ml-0 max-width--70 btso-1-black mt-1 mb-1 \">\n<\/div>\n\n<div class=\"columns  is-multiline is-variable is-6 mb-4-desktop mb-2-tablet mb-2-mobile   seccio\">\n        \n<div class=\"column  is-4\" >\n      \n<div class=\"mt-0 pb-2-desktop pb-2-tablet pb-2-mobile max-width--70 parraf \">\n        <p><b>Accessibilit\u00e9<\/b><br><\/p>    <\/div>\n<\/div>\n\n<div class=\"column  \" >\n      \n<div class=\"tinymce max-width--60  pb-4-desktop pb-4-tablet pb-2-mobile \">\n    <p>Activit\u00e9 d\u00e9conseill\u00e9e aux personnes souffrant de claustrophobie.<br \/>Activit\u00e9 \u00e0 partir de 7 ans.<\/p>\n<\/div>\n<\/div>\n \n    <\/div>\n\n<div class=\"mt-0 pb-2-desktop pb-2-tablet pb-2-mobile\">\n    <hr class=\"ml-0 max-width--70 btso-1-black mt-1 mb-1 \">\n<\/div>\n\n<div class=\"columns  is-multiline is-variable is-6 mb-4-desktop mb-2-tablet mb-2-mobile   seccio\">\n        \n<div class=\"column  is-4\" >\n      \n<div class=\"mt-0 pb-2-desktop pb-2-tablet pb-2-mobile max-width--70 parraf \">\n        <p><b>Conditions<\/b><br><\/p>    <\/div>\n<\/div>\n\n<div class=\"column  \" >\n      \n<div class=\"tinymce max-width--60  pb-4-desktop pb-4-tablet pb-2-mobile \">\n    <ul>\n<li><strong>Avant d&rsquo;acheter les coupons non dat\u00e9s, vous devez contacter avec l&rsquo;Office de Tourisme d&rsquo;Espluga de Francol\u00ed (T\u00e9l\u00e9phone : 977871220), afin de confirmer le jour et l&rsquo;heure de la r\u00e9servation.<\/strong><\/li>\n<li>Le bon est valable jusqu&rsquo;au 31\/12 de l&rsquo;ann\u00e9e d&rsquo;achat en cours.<\/li>\n<li>La r\u00e9servation \u00e0 l&rsquo;avance est obligatoire avec un minimum de 6 personnes et un maximum de 15.<\/li>\n<li>Les enfants \u00e2g\u00e9s de 7 \u00e0 14 ans doivent \u00eatre accompagn\u00e9s d&rsquo;un adulte.<\/li>\n<li>Politique d&rsquo;annulation : Sans frais par email jusqu&rsquo;\u00e0 72 heures avant l&rsquo;activit\u00e9.<\/li>\n<\/ul>\n<\/div>\n<\/div>\n \n    <\/div>\n\n<div class=\"  pt-2 pb-2 mb-2-mobile botons\">   \n   <a href=\"https:\/\/covesdelespluga.info\/fr\/preguntes-frequents\/\" class=\"button   secondary\">Vous avez des doutes ? Consultez la section des questions fr\u00e9quentes.<\/a><\/div>\n<\/div>\n \n    <\/div>","protected":false},"excerpt":{"rendered":"","protected":false},"featured_media":35986,"template":"","meta":[],"product_cat":[345],"product_tag":[],"class_list":{"0":"post-64940","1":"product","2":"type-product","3":"status-publish","4":"has-post-thumbnail","6":"product_cat-sense-categoria-fr","8":"first","9":"instock","10":"virtual","11":"purchasable","12":"product-type-simple"},"acf":[],"_links":{"self":[{"href":"https:\/\/esplugaturisme.cat\/fr\/wp-json\/wp\/v2\/product\/64940"}],"collection":[{"href":"https:\/\/esplugaturisme.cat\/fr\/wp-json\/wp\/v2\/product"}],"about":[{"href":"https:\/\/esplugaturisme.cat\/fr\/wp-json\/wp\/v2\/types\/product"}],"wp:featuredmedia":[{"embeddable":true,"href":"https:\/\/esplugaturisme.cat\/fr\/wp-json\/wp\/v2\/media\/35986"}],"wp:attachment":[{"href":"https:\/\/esplugaturisme.cat\/fr\/wp-json\/wp\/v2\/media?parent=64940"}],"wp:term":[{"taxonomy":"product_cat","embeddable":true,"href":"https:\/\/esplugaturisme.cat\/fr\/wp-json\/wp\/v2\/product_cat?post=64940"},{"taxonomy":"product_tag","embeddable":true,"href":"https:\/\/esplugaturisme.cat\/fr\/wp-json\/wp\/v2\/product_tag?post=64940"}],"curies":[{"name":"wp","href":"https:\/\/api.w.org\/{rel}","templated":true}]}}